{"id":8341,"date":"2024-03-31T18:16:49","date_gmt":"2024-03-31T18:16:49","guid":{"rendered":"https:\/\/mbglobalfoods.com\/produits\/legumes-surgeles\/chataigne-deau\/"},"modified":"2024-10-01T07:23:12","modified_gmt":"2024-10-01T07:23:12","slug":"chataigne-deau","status":"publish","type":"page","link":"https:\/\/mbglobalfoods.com\/fr\/produits\/legumes-surgeles\/chataigne-deau\/","title":{"rendered":"Ch\u00e2taigne d&#8217;eau"},"content":{"rendered":"<p>Les ch\u00e2taignes d&#8217;eau ajoutent un croquant unique \u00e0 vos plats asiatiques, parfaites pour des stir-fries ou comme ajout croustillant \u00e0 des salades.<\/p>\n<ul>\n<li><b>Sp\u00e9cifications : <\/b>En tranches, en d\u00e9s<\/li>\n<li><b>Pays d&#8217;origine : <\/b>Chine<\/li>\n<li><b>Type : <\/b>IQF<\/li>\n<li>Note : A, B<\/li>\n<li><b>Biologique \/ conventionnel<\/b><\/li>\n<\/ul>\n\n<table id=\"tablepress-26\" class=\"tablepress tablepress-id-26\">\n<thead>\n<tr class=\"row-1\">\n\t<th class=\"column-1\">Jan<\/th><th class=\"column-2\">Feb<\/th><th class=\"column-3\">Mar<\/th><th class=\"column-4\">Apr<\/th><th class=\"column-5\">May<\/th><th class=\"column-6\">Jun<\/th><th class=\"column-7\">Jul<\/th><th class=\"column-8\">Aug<\/th><th class=\"column-9\">Sep<\/th><th class=\"column-10\">Oct<\/th><th class=\"column-11\">Nov<\/th><th class=\"column-12\">Dec<\/th>\n<\/tr>\n<\/thead>\n<tbody class=\"row-striping row-hover\">\n<tr class=\"row-2\">\n\t<td class=\"column-1\">China<\/td><td class=\"column-2\">China<\/td><td class=\"column-3\">China<\/td><td class=\"column-4\">China<\/td><td class=\"column-5\"><\/td><td class=\"column-6\"><\/td><td class=\"column-7\"><\/td><td class=\"column-8\"><\/td><td class=\"column-9\"><\/td><td class=\"column-10\"><\/td><td class=\"column-11\"><\/td><td class=\"column-12\">China<\/td>\n<\/tr>\n<\/tbody>\n<\/table>\n<!-- #tablepress-26 from cache -->\n","protected":false},"excerpt":{"rendered":"<p>Les ch\u00e2taignes d&#8217;eau ajoutent un croquant unique \u00e0 vos plats asiatiques, parfaites pour des stir-fries ou comme ajout croustillant \u00e0 des salades. Sp\u00e9cifications : En tranches, en d\u00e9s Pays d&#8217;origine : Chine Type : IQF Note : A, B Biologique \/ conventionnel<\/p>\n","protected":false},"author":1,"featured_media":0,"parent":6850,"menu_order":0,"comment_status":"closed","ping_status":"closed","template":"","meta":{"footnotes":""},"class_list":["post-8341","page","type-page","status-publish","hentry"],"aioseo_notices":[],"_links":{"self":[{"href":"https:\/\/mbglobalfoods.com\/fr\/wp-json\/wp\/v2\/pages\/8341","targetHints":{"allow":["GET"]}}],"collection":[{"href":"https:\/\/mbglobalfoods.com\/fr\/wp-json\/wp\/v2\/pages"}],"about":[{"href":"https:\/\/mbglobalfoods.com\/fr\/wp-json\/wp\/v2\/types\/page"}],"author":[{"embeddable":true,"href":"https:\/\/mbglobalfoods.com\/fr\/wp-json\/wp\/v2\/users\/1"}],"replies":[{"embeddable":true,"href":"https:\/\/mbglobalfoods.com\/fr\/wp-json\/wp\/v2\/comments?post=8341"}],"version-history":[{"count":5,"href":"https:\/\/mbglobalfoods.com\/fr\/wp-json\/wp\/v2\/pages\/8341\/revisions"}],"predecessor-version":[{"id":9083,"href":"https:\/\/mbglobalfoods.com\/fr\/wp-json\/wp\/v2\/pages\/8341\/revisions\/9083"}],"up":[{"embeddable":true,"href":"https:\/\/mbglobalfoods.com\/fr\/wp-json\/wp\/v2\/pages\/6850"}],"wp:attachment":[{"href":"https:\/\/mbglobalfoods.com\/fr\/wp-json\/wp\/v2\/media?parent=8341"}],"curies":[{"name":"wp","href":"https:\/\/api.w.org\/{rel}","templated":true}]}}