{"id":8339,"date":"2024-03-31T18:15:53","date_gmt":"2024-03-31T18:15:53","guid":{"rendered":"https:\/\/mbglobalfoods.com\/produits\/legumes-surgeles\/pois-mange-tout\/"},"modified":"2024-10-01T07:22:54","modified_gmt":"2024-10-01T07:22:54","slug":"pois-mange-tout","status":"publish","type":"page","link":"https:\/\/mbglobalfoods.com\/fr\/produits\/legumes-surgeles\/pois-mange-tout\/","title":{"rendered":"Pois mange-tout"},"content":{"rendered":"<p>Nos pois mange-tout sont croquants et savoureux, parfaits pour ajouter un croquant rafra\u00eechissant \u00e0 vos plats asiatiques ou salades.<\/p>\n<ul>\n<li><b>Sp\u00e9cifications : <\/b>Entier<\/li>\n<li><b>Pays d&#8217;origine : <\/b>Canada, Chine, Guatemala, Espagne, \u00c9tats-Unis<\/li>\n<li><b>Type : <\/b>IQF<\/li>\n<li>Note : A, B<\/li>\n<li><b>Biologique \/ conventionnel<\/b><\/li>\n<\/ul>\n\n<table id=\"tablepress-25\" class=\"tablepress tablepress-id-25\">\n<thead>\n<tr class=\"row-1\">\n\t<th class=\"column-1\">Jan<\/th><th class=\"column-2\">Feb<\/th><th class=\"column-3\">Mar<\/th><th class=\"column-4\">Apr<\/th><th class=\"column-5\">May<\/th><th class=\"column-6\">Jun<\/th><th class=\"column-7\">Jul<\/th><th class=\"column-8\">Aug<\/th><th class=\"column-9\">Sep<\/th><th class=\"column-10\">Oct<\/th><th class=\"column-11\">Nov<\/th><th class=\"column-12\">Dec<\/th>\n<\/tr>\n<\/thead>\n<tbody class=\"row-striping row-hover\">\n<tr class=\"row-2\">\n\t<td class=\"column-1\"><\/td><td class=\"column-2\"><\/td><td class=\"column-3\"><\/td><td class=\"column-4\"><\/td><td class=\"column-5\"><\/td><td class=\"column-6\">Canada<\/td><td class=\"column-7\">Canada<\/td><td class=\"column-8\"><\/td><td class=\"column-9\"><\/td><td class=\"column-10\"><\/td><td class=\"column-11\"><\/td><td class=\"column-12\"><\/td>\n<\/tr>\n<tr class=\"row-3\">\n\t<td class=\"column-1\"><\/td><td class=\"column-2\"><\/td><td class=\"column-3\">China<\/td><td class=\"column-4\">China<\/td><td class=\"column-5\"><\/td><td class=\"column-6\"><\/td><td class=\"column-7\"><\/td><td class=\"column-8\"><\/td><td class=\"column-9\"><\/td><td class=\"column-10\">China<\/td><td class=\"column-11\">China<\/td><td class=\"column-12\"><\/td>\n<\/tr>\n<tr class=\"row-4\">\n\t<td class=\"column-1\">Guatemala<\/td><td class=\"column-2\">Guatemala<\/td><td class=\"column-3\">Guatemala<\/td><td class=\"column-4\">Guatemala<\/td><td class=\"column-5\"><\/td><td class=\"column-6\"><\/td><td class=\"column-7\"><\/td><td class=\"column-8\"><\/td><td class=\"column-9\"><\/td><td class=\"column-10\"><\/td><td class=\"column-11\"><\/td><td class=\"column-12\">Guatemala<\/td>\n<\/tr>\n<tr class=\"row-5\">\n\t<td class=\"column-1\"><\/td><td class=\"column-2\"><\/td><td class=\"column-3\"><\/td><td class=\"column-4\"><\/td><td class=\"column-5\"><\/td><td class=\"column-6\"><\/td><td class=\"column-7\">Spain<\/td><td class=\"column-8\">Spain<\/td><td class=\"column-9\"><\/td><td class=\"column-10\"><\/td><td class=\"column-11\"><\/td><td class=\"column-12\"><\/td>\n<\/tr>\n<tr class=\"row-6\">\n\t<td class=\"column-1\"><\/td><td class=\"column-2\"><\/td><td class=\"column-3\"><\/td><td class=\"column-4\"><\/td><td class=\"column-5\"><\/td><td class=\"column-6\">USA<\/td><td class=\"column-7\">USA<\/td><td class=\"column-8\"><\/td><td class=\"column-9\"><\/td><td class=\"column-10\"><\/td><td class=\"column-11\"><\/td><td class=\"column-12\"><\/td>\n<\/tr>\n<\/tbody>\n<\/table>\n\n","protected":false},"excerpt":{"rendered":"<p>Nos pois mange-tout sont croquants et savoureux, parfaits pour ajouter un croquant rafra\u00eechissant \u00e0 vos plats asiatiques ou salades. Sp\u00e9cifications : Entier Pays d&#8217;origine : Canada, Chine, Guatemala, Espagne, \u00c9tats-Unis Type : IQF Note : A, B Biologique \/ conventionnel<\/p>\n","protected":false},"author":1,"featured_media":0,"parent":6850,"menu_order":0,"comment_status":"closed","ping_status":"closed","template":"","meta":{"footnotes":""},"class_list":["post-8339","page","type-page","status-publish","hentry"],"aioseo_notices":[],"_links":{"self":[{"href":"https:\/\/mbglobalfoods.com\/fr\/wp-json\/wp\/v2\/pages\/8339","targetHints":{"allow":["GET"]}}],"collection":[{"href":"https:\/\/mbglobalfoods.com\/fr\/wp-json\/wp\/v2\/pages"}],"about":[{"href":"https:\/\/mbglobalfoods.com\/fr\/wp-json\/wp\/v2\/types\/page"}],"author":[{"embeddable":true,"href":"https:\/\/mbglobalfoods.com\/fr\/wp-json\/wp\/v2\/users\/1"}],"replies":[{"embeddable":true,"href":"https:\/\/mbglobalfoods.com\/fr\/wp-json\/wp\/v2\/comments?post=8339"}],"version-history":[{"count":5,"href":"https:\/\/mbglobalfoods.com\/fr\/wp-json\/wp\/v2\/pages\/8339\/revisions"}],"predecessor-version":[{"id":9081,"href":"https:\/\/mbglobalfoods.com\/fr\/wp-json\/wp\/v2\/pages\/8339\/revisions\/9081"}],"up":[{"embeddable":true,"href":"https:\/\/mbglobalfoods.com\/fr\/wp-json\/wp\/v2\/pages\/6850"}],"wp:attachment":[{"href":"https:\/\/mbglobalfoods.com\/fr\/wp-json\/wp\/v2\/media?parent=8339"}],"curies":[{"name":"wp","href":"https:\/\/api.w.org\/{rel}","templated":true}]}}