{"id":8333,"date":"2024-03-31T18:15:15","date_gmt":"2024-03-31T18:15:15","guid":{"rendered":"https:\/\/mbglobalfoods.com\/produits\/legumes-surgeles\/melange-3-voies-poivre\/"},"modified":"2024-10-01T07:21:21","modified_gmt":"2024-10-01T07:21:21","slug":"melange-3-voies-poivre","status":"publish","type":"page","link":"https:\/\/mbglobalfoods.com\/fr\/produits\/legumes-surgeles\/melange-3-voies-poivre\/","title":{"rendered":"M\u00e9lange 3 voies poivre"},"content":{"rendered":"<p>Ce m\u00e9lange tricolore de poivrons apporte une explosion de couleur et de saveur \u00e0 tous vos plats, dynamisant salades, pizzas et plats mijot\u00e9s.<\/p>\n<ul>\n<li><b>Sp\u00e9cifications : <\/b>En tranches, en d\u00e9s<\/li>\n<li><b>Pays d&#8217;origine : <\/b>Chine, \u00c9gypte, Espagne, \u00c9tats-Unis, Maroc, Mexique, P\u00e9rou, Turquie<\/li>\n<li>Type : IQF, grill\u00e9<\/li>\n<li>Note : A, B<\/li>\n<li><b>Biologique \/ conventionnel<\/b><\/li>\n<\/ul>\n\n<table id=\"tablepress-53\" class=\"tablepress tablepress-id-53\">\n<thead>\n<tr class=\"row-1\">\n\t<th class=\"column-1\">Jan<\/th><th class=\"column-2\">Feb<\/th><th class=\"column-3\">Mar<\/th><th class=\"column-4\">Apr<\/th><th class=\"column-5\">May<\/th><th class=\"column-6\">Jun<\/th><th class=\"column-7\">Jul<\/th><th class=\"column-8\">Aug<\/th><th class=\"column-9\">Sep<\/th><th class=\"column-10\">Oct<\/th><th class=\"column-11\">Nov<\/th><th class=\"column-12\">Dec<\/th>\n<\/tr>\n<\/thead>\n<tbody class=\"row-striping row-hover\">\n<tr class=\"row-2\">\n\t<td class=\"column-1\"><\/td><td class=\"column-2\"><\/td><td class=\"column-3\"><\/td><td class=\"column-4\"><\/td><td class=\"column-5\">China<\/td><td class=\"column-6\">China<\/td><td class=\"column-7\"><\/td><td class=\"column-8\"><\/td><td class=\"column-9\">China<\/td><td class=\"column-10\">China<\/td><td class=\"column-11\"><\/td><td class=\"column-12\"><\/td>\n<\/tr>\n<tr class=\"row-3\">\n\t<td class=\"column-1\"><\/td><td class=\"column-2\"><\/td><td class=\"column-3\"><\/td><td class=\"column-4\"><\/td><td class=\"column-5\"><\/td><td class=\"column-6\"><\/td><td class=\"column-7\">Egypt<\/td><td class=\"column-8\">Egypt<\/td><td class=\"column-9\"><\/td><td class=\"column-10\"><\/td><td class=\"column-11\"><\/td><td class=\"column-12\"><\/td>\n<\/tr>\n<tr class=\"row-4\">\n\t<td class=\"column-1\"><\/td><td class=\"column-2\"><\/td><td class=\"column-3\"><\/td><td class=\"column-4\"><\/td><td class=\"column-5\">Mexico<\/td><td class=\"column-6\">Mexico<\/td><td class=\"column-7\">Mexico<\/td><td class=\"column-8\">Mexico<\/td><td class=\"column-9\">Mexico<\/td><td class=\"column-10\">Mexico<\/td><td class=\"column-11\">Mexico<\/td><td class=\"column-12\">Mexico<\/td>\n<\/tr>\n<tr class=\"row-5\">\n\t<td class=\"column-1\"><\/td><td class=\"column-2\"><\/td><td class=\"column-3\"><\/td><td class=\"column-4\">Morocco<\/td><td class=\"column-5\">Morocco<\/td><td class=\"column-6\">Morocco<\/td><td class=\"column-7\">Morocco<\/td><td class=\"column-8\"><\/td><td class=\"column-9\"><\/td><td class=\"column-10\"><\/td><td class=\"column-11\"><\/td><td class=\"column-12\"><\/td>\n<\/tr>\n<tr class=\"row-6\">\n\t<td class=\"column-1\"><\/td><td class=\"column-2\"><\/td><td class=\"column-3\">Peru<\/td><td class=\"column-4\">Peru<\/td><td class=\"column-5\">Peru<\/td><td class=\"column-6\">Peru<\/td><td class=\"column-7\">Peru<\/td><td class=\"column-8\">Peru<\/td><td class=\"column-9\">Peru<\/td><td class=\"column-10\">Peru<\/td><td class=\"column-11\">Peru<\/td><td class=\"column-12\">Peru<\/td>\n<\/tr>\n<tr class=\"row-7\">\n\t<td class=\"column-1\"><\/td><td class=\"column-2\"><\/td><td class=\"column-3\"><\/td><td class=\"column-4\"><\/td><td class=\"column-5\"><\/td><td class=\"column-6\"><\/td><td class=\"column-7\"><\/td><td class=\"column-8\">Spain<\/td><td class=\"column-9\">Spain<\/td><td class=\"column-10\"><\/td><td class=\"column-11\"><\/td><td class=\"column-12\"><\/td>\n<\/tr>\n<tr class=\"row-8\">\n\t<td class=\"column-1\"><\/td><td class=\"column-2\"><\/td><td class=\"column-3\"><\/td><td class=\"column-4\"><\/td><td class=\"column-5\"><\/td><td class=\"column-6\"><\/td><td class=\"column-7\">Turkey<\/td><td class=\"column-8\">Turkey<\/td><td class=\"column-9\">Turkey<\/td><td class=\"column-10\">Turkey<\/td><td class=\"column-11\">Turkey<\/td><td class=\"column-12\">Turkey<\/td>\n<\/tr>\n<tr class=\"row-9\">\n\t<td class=\"column-1\"><\/td><td class=\"column-2\"><\/td><td class=\"column-3\"><\/td><td class=\"column-4\"><\/td><td class=\"column-5\"><\/td><td class=\"column-6\"><\/td><td class=\"column-7\"><\/td><td class=\"column-8\">USA<\/td><td class=\"column-9\">USA<\/td><td class=\"column-10\">USA<\/td><td class=\"column-11\"><\/td><td class=\"column-12\"><\/td>\n<\/tr>\n<\/tbody>\n<\/table>\n<!-- #tablepress-53 from cache -->\n","protected":false},"excerpt":{"rendered":"<p>Ce m\u00e9lange tricolore de poivrons apporte une explosion de couleur et de saveur \u00e0 tous vos plats, dynamisant salades, pizzas et plats mijot\u00e9s. Sp\u00e9cifications : En tranches, en d\u00e9s Pays d&#8217;origine : Chine, \u00c9gypte, Espagne, \u00c9tats-Unis, Maroc, Mexique, P\u00e9rou, Turquie Type : IQF, grill\u00e9 Note : A, B Biologique \/ conventionnel<\/p>\n","protected":false},"author":1,"featured_media":0,"parent":6850,"menu_order":0,"comment_status":"closed","ping_status":"closed","template":"","meta":{"footnotes":""},"class_list":["post-8333","page","type-page","status-publish","hentry"],"aioseo_notices":[],"_links":{"self":[{"href":"https:\/\/mbglobalfoods.com\/fr\/wp-json\/wp\/v2\/pages\/8333","targetHints":{"allow":["GET"]}}],"collection":[{"href":"https:\/\/mbglobalfoods.com\/fr\/wp-json\/wp\/v2\/pages"}],"about":[{"href":"https:\/\/mbglobalfoods.com\/fr\/wp-json\/wp\/v2\/types\/page"}],"author":[{"embeddable":true,"href":"https:\/\/mbglobalfoods.com\/fr\/wp-json\/wp\/v2\/users\/1"}],"replies":[{"embeddable":true,"href":"https:\/\/mbglobalfoods.com\/fr\/wp-json\/wp\/v2\/comments?post=8333"}],"version-history":[{"count":5,"href":"https:\/\/mbglobalfoods.com\/fr\/wp-json\/wp\/v2\/pages\/8333\/revisions"}],"predecessor-version":[{"id":9080,"href":"https:\/\/mbglobalfoods.com\/fr\/wp-json\/wp\/v2\/pages\/8333\/revisions\/9080"}],"up":[{"embeddable":true,"href":"https:\/\/mbglobalfoods.com\/fr\/wp-json\/wp\/v2\/pages\/6850"}],"wp:attachment":[{"href":"https:\/\/mbglobalfoods.com\/fr\/wp-json\/wp\/v2\/media?parent=8333"}],"curies":[{"name":"wp","href":"https:\/\/api.w.org\/{rel}","templated":true}]}}