{"id":8327,"date":"2024-03-31T18:10:58","date_gmt":"2024-03-31T18:10:58","guid":{"rendered":"https:\/\/mbglobalfoods.com\/produits\/legumes-surgeles\/champignon\/"},"modified":"2024-10-01T07:11:30","modified_gmt":"2024-10-01T07:11:30","slug":"champignon","status":"publish","type":"page","link":"https:\/\/mbglobalfoods.com\/fr\/produits\/legumes-surgeles\/champignon\/","title":{"rendered":"Champignon"},"content":{"rendered":"<p>Nos champignons sont savoureux et pr\u00eats \u00e0 ajouter une dimension umami \u00e0 vos plats, de la simple omelette aux plats gastronomiques.<\/p>\n<ul>\n<li><b>Sp\u00e9cifications : <\/b>En tranches, en d\u00e9s, en morceaux<\/li>\n<li><b>Pays d&#8217;origine : <\/b>Belgique, Chili, Chine, Pays-Bas, \u00c9tats-Unis<\/li>\n<li><b>Type : <\/b>IQF<\/li>\n<li>Note : A, B<\/li>\n<li><b>Biologique \/ conventionnel<\/b><\/li>\n<\/ul>\n\n<table id=\"tablepress-17\" class=\"tablepress tablepress-id-17\">\n<thead>\n<tr class=\"row-1\">\n\t<th class=\"column-1\">Jan<\/th><th class=\"column-2\">Feb<\/th><th class=\"column-3\">Mar<\/th><th class=\"column-4\">Apr<\/th><th class=\"column-5\">May<\/th><th class=\"column-6\">Jun<\/th><th class=\"column-7\">Jul<\/th><th class=\"column-8\">Aug<\/th><th class=\"column-9\">Sep<\/th><th class=\"column-10\">Oct<\/th><th class=\"column-11\">Nov<\/th><th class=\"column-12\">Dec<\/th>\n<\/tr>\n<\/thead>\n<tbody class=\"row-striping row-hover\">\n<tr class=\"row-2\">\n\t<td class=\"column-1\">Belgium<\/td><td class=\"column-2\">Belgium<\/td><td class=\"column-3\">Belgium<\/td><td class=\"column-4\">Belgium<\/td><td class=\"column-5\">Belgium<\/td><td class=\"column-6\">Belgium<\/td><td class=\"column-7\">Belgium<\/td><td class=\"column-8\">Belgium<\/td><td class=\"column-9\">Belgium<\/td><td class=\"column-10\">Belgium<\/td><td class=\"column-11\">Belgium<\/td><td class=\"column-12\">Belgium<\/td>\n<\/tr>\n<tr class=\"row-3\">\n\t<td class=\"column-1\"><\/td><td class=\"column-2\"><\/td><td class=\"column-3\"><\/td><td class=\"column-4\"><\/td><td class=\"column-5\">Chile<\/td><td class=\"column-6\">Chile<\/td><td class=\"column-7\">Chile<\/td><td class=\"column-8\"><\/td><td class=\"column-9\"><\/td><td class=\"column-10\"><\/td><td class=\"column-11\"><\/td><td class=\"column-12\"><\/td>\n<\/tr>\n<tr class=\"row-4\">\n\t<td class=\"column-1\">China<\/td><td class=\"column-2\">China<\/td><td class=\"column-3\">China<\/td><td class=\"column-4\">China<\/td><td class=\"column-5\"><\/td><td class=\"column-6\"><\/td><td class=\"column-7\"><\/td><td class=\"column-8\"><\/td><td class=\"column-9\"><\/td><td class=\"column-10\"><\/td><td class=\"column-11\"><\/td><td class=\"column-12\">China<\/td>\n<\/tr>\n<tr class=\"row-5\">\n\t<td class=\"column-1\">Netherlands<\/td><td class=\"column-2\">Netherlands<\/td><td class=\"column-3\">Netherlands<\/td><td class=\"column-4\">Netherlands<\/td><td class=\"column-5\">Netherlands<\/td><td class=\"column-6\">Netherlands<\/td><td class=\"column-7\">Netherlands<\/td><td class=\"column-8\">Netherlands<\/td><td class=\"column-9\">Netherlands<\/td><td class=\"column-10\">Netherlands<\/td><td class=\"column-11\">Netherlands<\/td><td class=\"column-12\">Netherlands<\/td>\n<\/tr>\n<tr class=\"row-6\">\n\t<td class=\"column-1\"><\/td><td class=\"column-2\"><\/td><td class=\"column-3\"><\/td><td class=\"column-4\"><\/td><td class=\"column-5\"><\/td><td class=\"column-6\">USA<\/td><td class=\"column-7\">USA<\/td><td class=\"column-8\"><\/td><td class=\"column-9\"><\/td><td class=\"column-10\"><\/td><td class=\"column-11\"><\/td><td class=\"column-12\"><\/td>\n<\/tr>\n<\/tbody>\n<\/table>\n<!-- #tablepress-17 from cache -->\n","protected":false},"excerpt":{"rendered":"<p>Nos champignons sont savoureux et pr\u00eats \u00e0 ajouter une dimension umami \u00e0 vos plats, de la simple omelette aux plats gastronomiques. Sp\u00e9cifications : En tranches, en d\u00e9s, en morceaux Pays d&#8217;origine : Belgique, Chili, Chine, Pays-Bas, \u00c9tats-Unis Type : IQF Note : A, B Biologique \/ conventionnel<\/p>\n","protected":false},"author":1,"featured_media":0,"parent":6850,"menu_order":0,"comment_status":"closed","ping_status":"closed","template":"","meta":{"footnotes":""},"class_list":["post-8327","page","type-page","status-publish","hentry"],"aioseo_notices":[],"_links":{"self":[{"href":"https:\/\/mbglobalfoods.com\/fr\/wp-json\/wp\/v2\/pages\/8327","targetHints":{"allow":["GET"]}}],"collection":[{"href":"https:\/\/mbglobalfoods.com\/fr\/wp-json\/wp\/v2\/pages"}],"about":[{"href":"https:\/\/mbglobalfoods.com\/fr\/wp-json\/wp\/v2\/types\/page"}],"author":[{"embeddable":true,"href":"https:\/\/mbglobalfoods.com\/fr\/wp-json\/wp\/v2\/users\/1"}],"replies":[{"embeddable":true,"href":"https:\/\/mbglobalfoods.com\/fr\/wp-json\/wp\/v2\/comments?post=8327"}],"version-history":[{"count":5,"href":"https:\/\/mbglobalfoods.com\/fr\/wp-json\/wp\/v2\/pages\/8327\/revisions"}],"predecessor-version":[{"id":9076,"href":"https:\/\/mbglobalfoods.com\/fr\/wp-json\/wp\/v2\/pages\/8327\/revisions\/9076"}],"up":[{"embeddable":true,"href":"https:\/\/mbglobalfoods.com\/fr\/wp-json\/wp\/v2\/pages\/6850"}],"wp:attachment":[{"href":"https:\/\/mbglobalfoods.com\/fr\/wp-json\/wp\/v2\/media?parent=8327"}],"curies":[{"name":"wp","href":"https:\/\/api.w.org\/{rel}","templated":true}]}}