{"id":8163,"date":"2024-03-31T18:01:18","date_gmt":"2024-03-31T18:01:18","guid":{"rendered":"https:\/\/mbglobalfoods.com\/produits\/legumes-surgeles\/choux-frises\/"},"modified":"2024-10-01T07:11:10","modified_gmt":"2024-10-01T07:11:10","slug":"choux-frises","status":"publish","type":"page","link":"https:\/\/mbglobalfoods.com\/fr\/produits\/legumes-surgeles\/choux-frises\/","title":{"rendered":"Choux fris\u00e9s"},"content":{"rendered":"<p>Nos choux fris\u00e9s sont nutritifs et robustes, excellents dans des smoothies verts ou comme base de salades riches en vitamines.<\/p>\n<ul>\n<li>Sp\u00e9cifications : Hach\u00e9, Portion, Bloqu\u00e9<\/li>\n<li><b>Pays d&#8217;origine : <\/b>Belgique, Chine, \u00c9quateur, Mexique, Espagne, Turquie, \u00c9tats-Unis<\/li>\n<li><b>Type : <\/b>IQF<\/li>\n<li>Note : A, B<\/li>\n<li><b>Biologique \/ conventionnel<\/b><\/li>\n<\/ul>\n\n<table id=\"tablepress-15\" class=\"tablepress tablepress-id-15\">\n<thead>\n<tr class=\"row-1\">\n\t<th class=\"column-1\">Jan<\/th><th class=\"column-2\">Feb<\/th><th class=\"column-3\">Mar<\/th><th class=\"column-4\">Apr<\/th><th class=\"column-5\">May<\/th><th class=\"column-6\">Jun<\/th><th class=\"column-7\">Jul<\/th><th class=\"column-8\">Aug<\/th><th class=\"column-9\">Sep<\/th><th class=\"column-10\">Oct<\/th><th class=\"column-11\">Nov<\/th><th class=\"column-12\">Dec<\/th>\n<\/tr>\n<\/thead>\n<tbody class=\"row-striping row-hover\">\n<tr class=\"row-2\">\n\t<td class=\"column-1\"><\/td><td class=\"column-2\"><\/td><td class=\"column-3\">Belgium<\/td><td class=\"column-4\">Belgium<\/td><td class=\"column-5\">Belgium<\/td><td class=\"column-6\"><\/td><td class=\"column-7\"><\/td><td class=\"column-8\"><\/td><td class=\"column-9\"><\/td><td class=\"column-10\"><\/td><td class=\"column-11\"><\/td><td class=\"column-12\"><\/td>\n<\/tr>\n<tr class=\"row-3\">\n\t<td class=\"column-1\"><\/td><td class=\"column-2\"><\/td><td class=\"column-3\">China<\/td><td class=\"column-4\">China<\/td><td class=\"column-5\"><\/td><td class=\"column-6\"><\/td><td class=\"column-7\"><\/td><td class=\"column-8\"><\/td><td class=\"column-9\"><\/td><td class=\"column-10\">China<\/td><td class=\"column-11\">China<\/td><td class=\"column-12\">China<\/td>\n<\/tr>\n<tr class=\"row-4\">\n\t<td class=\"column-1\">Ecuador<\/td><td class=\"column-2\">Ecuador<\/td><td class=\"column-3\">Ecuador<\/td><td class=\"column-4\">Ecuador<\/td><td class=\"column-5\">Ecuador<\/td><td class=\"column-6\">Ecuador<\/td><td class=\"column-7\">Ecuador<\/td><td class=\"column-8\">Ecuador<\/td><td class=\"column-9\">Ecuador<\/td><td class=\"column-10\">Ecuador<\/td><td class=\"column-11\">Ecuador<\/td><td class=\"column-12\">Ecuador<\/td>\n<\/tr>\n<tr class=\"row-5\">\n\t<td class=\"column-1\">Mexico<\/td><td class=\"column-2\">Mexico<\/td><td class=\"column-3\">Mexico<\/td><td class=\"column-4\"><\/td><td class=\"column-5\"><\/td><td class=\"column-6\"><\/td><td class=\"column-7\"><\/td><td class=\"column-8\"><\/td><td class=\"column-9\"><\/td><td class=\"column-10\">Mexico<\/td><td class=\"column-11\">Mexico<\/td><td class=\"column-12\">Mexico<\/td>\n<\/tr>\n<tr class=\"row-6\">\n\t<td class=\"column-1\"><\/td><td class=\"column-2\"><\/td><td class=\"column-3\"><\/td><td class=\"column-4\">Spain<\/td><td class=\"column-5\">Spain<\/td><td class=\"column-6\"><\/td><td class=\"column-7\"><\/td><td class=\"column-8\"><\/td><td class=\"column-9\"><\/td><td class=\"column-10\"><\/td><td class=\"column-11\"><\/td><td class=\"column-12\"><\/td>\n<\/tr>\n<tr class=\"row-7\">\n\t<td class=\"column-1\"><\/td><td class=\"column-2\"><\/td><td class=\"column-3\">Turkey<\/td><td class=\"column-4\">Turkey<\/td><td class=\"column-5\"><\/td><td class=\"column-6\"><\/td><td class=\"column-7\"><\/td><td class=\"column-8\"><\/td><td class=\"column-9\"><\/td><td class=\"column-10\"><\/td><td class=\"column-11\"><\/td><td class=\"column-12\"><\/td>\n<\/tr>\n<tr class=\"row-8\">\n\t<td class=\"column-1\"><\/td><td class=\"column-2\"><\/td><td class=\"column-3\"><\/td><td class=\"column-4\"><\/td><td class=\"column-5\"><\/td><td class=\"column-6\"><\/td><td class=\"column-7\"><\/td><td class=\"column-8\"><\/td><td class=\"column-9\"><\/td><td class=\"column-10\"><\/td><td class=\"column-11\">USA<\/td><td class=\"column-12\">USA<\/td>\n<\/tr>\n<\/tbody>\n<\/table>\n<!-- #tablepress-15 from cache -->\n","protected":false},"excerpt":{"rendered":"<p>Nos choux fris\u00e9s sont nutritifs et robustes, excellents dans des smoothies verts ou comme base de salades riches en vitamines. Sp\u00e9cifications : Hach\u00e9, Portion, Bloqu\u00e9 Pays d&#8217;origine : Belgique, Chine, \u00c9quateur, Mexique, Espagne, Turquie, \u00c9tats-Unis Type : IQF Note : A, B Biologique \/ conventionnel<\/p>\n","protected":false},"author":1,"featured_media":0,"parent":6850,"menu_order":0,"comment_status":"closed","ping_status":"closed","template":"","meta":{"footnotes":""},"class_list":["post-8163","page","type-page","status-publish","hentry"],"aioseo_notices":[],"_links":{"self":[{"href":"https:\/\/mbglobalfoods.com\/fr\/wp-json\/wp\/v2\/pages\/8163","targetHints":{"allow":["GET"]}}],"collection":[{"href":"https:\/\/mbglobalfoods.com\/fr\/wp-json\/wp\/v2\/pages"}],"about":[{"href":"https:\/\/mbglobalfoods.com\/fr\/wp-json\/wp\/v2\/types\/page"}],"author":[{"embeddable":true,"href":"https:\/\/mbglobalfoods.com\/fr\/wp-json\/wp\/v2\/users\/1"}],"replies":[{"embeddable":true,"href":"https:\/\/mbglobalfoods.com\/fr\/wp-json\/wp\/v2\/comments?post=8163"}],"version-history":[{"count":6,"href":"https:\/\/mbglobalfoods.com\/fr\/wp-json\/wp\/v2\/pages\/8163\/revisions"}],"predecessor-version":[{"id":9074,"href":"https:\/\/mbglobalfoods.com\/fr\/wp-json\/wp\/v2\/pages\/8163\/revisions\/9074"}],"up":[{"embeddable":true,"href":"https:\/\/mbglobalfoods.com\/fr\/wp-json\/wp\/v2\/pages\/6850"}],"wp:attachment":[{"href":"https:\/\/mbglobalfoods.com\/fr\/wp-json\/wp\/v2\/media?parent=8163"}],"curies":[{"name":"wp","href":"https:\/\/api.w.org\/{rel}","templated":true}]}}