{"id":8158,"date":"2024-03-29T15:26:12","date_gmt":"2024-03-29T15:26:12","guid":{"rendered":"https:\/\/mbglobalfoods.com\/produits\/legumes-surgeles\/ail\/"},"modified":"2024-10-01T07:08:24","modified_gmt":"2024-10-01T07:08:24","slug":"ail","status":"publish","type":"page","link":"https:\/\/mbglobalfoods.com\/fr\/produits\/legumes-surgeles\/ail\/","title":{"rendered":"Ail"},"content":{"rendered":"<p>Essentiel en cuisine, notre ail est pr\u00eat \u00e0 rehausser vos plats avec sa saveur profonde et aromatique.<\/p>\n<ul>\n<li>Sp\u00e9cifications : D\u00e9s, Tranches, Entier, Pur\u00e9e<\/li>\n<li><b>Pays d&#8217;origine : <\/b>Chine, Espagne, \u00c9tats-Unis<\/li>\n<li><b>Type : <\/b>IQF<\/li>\n<li>Note : A, B<\/li>\n<li><b>Biologique \/ conventionnel<\/b><\/li>\n<\/ul>\n\n<table id=\"tablepress-11\" class=\"tablepress tablepress-id-11\">\n<thead>\n<tr class=\"row-1\">\n\t<th class=\"column-1\">Jan<\/th><th class=\"column-2\">Feb<\/th><th class=\"column-3\">Mar<\/th><th class=\"column-4\">Apr<\/th><th class=\"column-5\">May<\/th><th class=\"column-6\">Jun<\/th><th class=\"column-7\">Jul<\/th><th class=\"column-8\">Aug<\/th><th class=\"column-9\">Sep<\/th><th class=\"column-10\">Oct<\/th><th class=\"column-11\">Nov<\/th><th class=\"column-12\">Dec<\/th>\n<\/tr>\n<\/thead>\n<tbody class=\"row-striping row-hover\">\n<tr class=\"row-2\">\n\t<td class=\"column-1\"><\/td><td class=\"column-2\"><\/td><td class=\"column-3\"><\/td><td class=\"column-4\"><\/td><td class=\"column-5\">China<\/td><td class=\"column-6\">China<\/td><td class=\"column-7\">China<\/td><td class=\"column-8\"><\/td><td class=\"column-9\">China<\/td><td class=\"column-10\">China<\/td><td class=\"column-11\"><\/td><td class=\"column-12\"><\/td>\n<\/tr>\n<tr class=\"row-3\">\n\t<td class=\"column-1\"><\/td><td class=\"column-2\"><\/td><td class=\"column-3\"><\/td><td class=\"column-4\"><\/td><td class=\"column-5\">Spain<\/td><td class=\"column-6\">Spain<\/td><td class=\"column-7\">Spain<\/td><td class=\"column-8\"><\/td><td class=\"column-9\"><\/td><td class=\"column-10\"><\/td><td class=\"column-11\"><\/td><td class=\"column-12\"><\/td>\n<\/tr>\n<tr class=\"row-4\">\n\t<td class=\"column-1\"><\/td><td class=\"column-2\"><\/td><td class=\"column-3\"><\/td><td class=\"column-4\"><\/td><td class=\"column-5\"><\/td><td class=\"column-6\">USA<\/td><td class=\"column-7\">USA<\/td><td class=\"column-8\">USA<\/td><td class=\"column-9\"><\/td><td class=\"column-10\"><\/td><td class=\"column-11\"><\/td><td class=\"column-12\"><\/td>\n<\/tr>\n<\/tbody>\n<\/table>\n\n","protected":false},"excerpt":{"rendered":"<p>Essentiel en cuisine, notre ail est pr\u00eat \u00e0 rehausser vos plats avec sa saveur profonde et aromatique. Sp\u00e9cifications : D\u00e9s, Tranches, Entier, Pur\u00e9e Pays d&#8217;origine : Chine, Espagne, \u00c9tats-Unis Type : IQF Note : A, B Biologique \/ conventionnel<\/p>\n","protected":false},"author":1,"featured_media":0,"parent":6850,"menu_order":0,"comment_status":"closed","ping_status":"closed","template":"","meta":{"footnotes":""},"class_list":["post-8158","page","type-page","status-publish","hentry"],"aioseo_notices":[],"_links":{"self":[{"href":"https:\/\/mbglobalfoods.com\/fr\/wp-json\/wp\/v2\/pages\/8158","targetHints":{"allow":["GET"]}}],"collection":[{"href":"https:\/\/mbglobalfoods.com\/fr\/wp-json\/wp\/v2\/pages"}],"about":[{"href":"https:\/\/mbglobalfoods.com\/fr\/wp-json\/wp\/v2\/types\/page"}],"author":[{"embeddable":true,"href":"https:\/\/mbglobalfoods.com\/fr\/wp-json\/wp\/v2\/users\/1"}],"replies":[{"embeddable":true,"href":"https:\/\/mbglobalfoods.com\/fr\/wp-json\/wp\/v2\/comments?post=8158"}],"version-history":[{"count":6,"href":"https:\/\/mbglobalfoods.com\/fr\/wp-json\/wp\/v2\/pages\/8158\/revisions"}],"predecessor-version":[{"id":9068,"href":"https:\/\/mbglobalfoods.com\/fr\/wp-json\/wp\/v2\/pages\/8158\/revisions\/9068"}],"up":[{"embeddable":true,"href":"https:\/\/mbglobalfoods.com\/fr\/wp-json\/wp\/v2\/pages\/6850"}],"wp:attachment":[{"href":"https:\/\/mbglobalfoods.com\/fr\/wp-json\/wp\/v2\/media?parent=8158"}],"curies":[{"name":"wp","href":"https:\/\/api.w.org\/{rel}","templated":true}]}}