{"id":8156,"date":"2024-03-29T15:25:35","date_gmt":"2024-03-29T15:25:35","guid":{"rendered":"https:\/\/mbglobalfoods.com\/produits\/legumes-surgeles\/mais\/"},"modified":"2024-10-01T06:57:41","modified_gmt":"2024-10-01T06:57:41","slug":"mais","status":"publish","type":"page","link":"https:\/\/mbglobalfoods.com\/fr\/produits\/legumes-surgeles\/mais\/","title":{"rendered":"Ma\u00efs"},"content":{"rendered":"<p>Le ma\u00efs, doux et croquant, enrichit vos salades, soupes ou peut \u00eatre appr\u00e9ci\u00e9 en \u00e9pis lors d&#8217;un barbecue.<\/p>\n<ul>\n<li><b>Sp\u00e9cifications : <\/b>Grains entiers, \u00e9pis<\/li>\n<li><b>Pays d&#8217;origine : <\/b>Canada, Chine, \u00c9gypte, Inde, Mexique, Nouvelle-Z\u00e9lande, P\u00e9rou, \u00c9tats-Unis.<\/li>\n<li><b>Type : <\/b>IQF<\/li>\n<li>Note : A, B, C<\/li>\n<li><b>Biologique \/ conventionnel<\/b><\/li>\n<\/ul>\n\n<table id=\"tablepress-9\" class=\"tablepress tablepress-id-9\">\n<thead>\n<tr class=\"row-1\">\n\t<th class=\"column-1\">Jan<\/th><th class=\"column-2\">Feb<\/th><th class=\"column-3\">Mar<\/th><th class=\"column-4\">Apr<\/th><th class=\"column-5\">May<\/th><th class=\"column-6\">Jun<\/th><th class=\"column-7\">Jul<\/th><th class=\"column-8\">Aug<\/th><th class=\"column-9\">Sep<\/th><th class=\"column-10\">Oct<\/th><th class=\"column-11\">Nov<\/th><th class=\"column-12\">Dec<\/th>\n<\/tr>\n<\/thead>\n<tbody class=\"row-striping row-hover\">\n<tr class=\"row-2\">\n\t<td class=\"column-1\"><\/td><td class=\"column-2\"><\/td><td class=\"column-3\"><\/td><td class=\"column-4\"><\/td><td class=\"column-5\"><\/td><td class=\"column-6\"><\/td><td class=\"column-7\">Canada<\/td><td class=\"column-8\">Canada<\/td><td class=\"column-9\">Canada<\/td><td class=\"column-10\">Canada<\/td><td class=\"column-11\"><\/td><td class=\"column-12\"><\/td>\n<\/tr>\n<tr class=\"row-3\">\n\t<td class=\"column-1\"><\/td><td class=\"column-2\"><\/td><td class=\"column-3\"><\/td><td class=\"column-4\"><\/td><td class=\"column-5\">China<\/td><td class=\"column-6\">China<\/td><td class=\"column-7\"><\/td><td class=\"column-8\"><\/td><td class=\"column-9\"><\/td><td class=\"column-10\"><\/td><td class=\"column-11\">China<\/td><td class=\"column-12\">China<\/td>\n<\/tr>\n<tr class=\"row-4\">\n\t<td class=\"column-1\"><\/td><td class=\"column-2\"><\/td><td class=\"column-3\"><\/td><td class=\"column-4\"><\/td><td class=\"column-5\"><\/td><td class=\"column-6\"><\/td><td class=\"column-7\"><\/td><td class=\"column-8\">Egypt<\/td><td class=\"column-9\">Egypt<\/td><td class=\"column-10\">Egypt<\/td><td class=\"column-11\">Egypt<\/td><td class=\"column-12\"><\/td>\n<\/tr>\n<tr class=\"row-5\">\n\t<td class=\"column-1\">India<\/td><td class=\"column-2\">India<\/td><td class=\"column-3\">India<\/td><td class=\"column-4\">India<\/td><td class=\"column-5\">India<\/td><td class=\"column-6\">India<\/td><td class=\"column-7\">India<\/td><td class=\"column-8\">India<\/td><td class=\"column-9\">India<\/td><td class=\"column-10\">India<\/td><td class=\"column-11\">India<\/td><td class=\"column-12\">India<\/td>\n<\/tr>\n<tr class=\"row-6\">\n\t<td class=\"column-1\">Mexico<\/td><td class=\"column-2\"><\/td><td class=\"column-3\"><\/td><td class=\"column-4\"><\/td><td class=\"column-5\"><\/td><td class=\"column-6\"><\/td><td class=\"column-7\"><\/td><td class=\"column-8\"><\/td><td class=\"column-9\"><\/td><td class=\"column-10\"><\/td><td class=\"column-11\"><\/td><td class=\"column-12\">Mexico<\/td>\n<\/tr>\n<tr class=\"row-7\">\n\t<td class=\"column-1\"><\/td><td class=\"column-2\">New Zealand<\/td><td class=\"column-3\">New Zealand<\/td><td class=\"column-4\"><\/td><td class=\"column-5\"><\/td><td class=\"column-6\"><\/td><td class=\"column-7\"><\/td><td class=\"column-8\"><\/td><td class=\"column-9\"><\/td><td class=\"column-10\"><\/td><td class=\"column-11\"><\/td><td class=\"column-12\"><\/td>\n<\/tr>\n<tr class=\"row-8\">\n\t<td class=\"column-1\">Peru<\/td><td class=\"column-2\">Peru<\/td><td class=\"column-3\">Peru<\/td><td class=\"column-4\"><\/td><td class=\"column-5\"><\/td><td class=\"column-6\"><\/td><td class=\"column-7\"><\/td><td class=\"column-8\"><\/td><td class=\"column-9\"><\/td><td class=\"column-10\"><\/td><td class=\"column-11\"><\/td><td class=\"column-12\">Peru<\/td>\n<\/tr>\n<tr class=\"row-9\">\n\t<td class=\"column-1\"><\/td><td class=\"column-2\"><\/td><td class=\"column-3\"><\/td><td class=\"column-4\"><\/td><td class=\"column-5\"><\/td><td class=\"column-6\"><\/td><td class=\"column-7\">USA<\/td><td class=\"column-8\">USA<\/td><td class=\"column-9\">USA<\/td><td class=\"column-10\">USA<\/td><td class=\"column-11\"><\/td><td class=\"column-12\"><\/td>\n<\/tr>\n<\/tbody>\n<\/table>\n<!-- #tablepress-9 from cache -->\n","protected":false},"excerpt":{"rendered":"<p>Le ma\u00efs, doux et croquant, enrichit vos salades, soupes ou peut \u00eatre appr\u00e9ci\u00e9 en \u00e9pis lors d&#8217;un barbecue. Sp\u00e9cifications : Grains entiers, \u00e9pis Pays d&#8217;origine : Canada, Chine, \u00c9gypte, Inde, Mexique, Nouvelle-Z\u00e9lande, P\u00e9rou, \u00c9tats-Unis. Type : IQF Note : A, B, C Biologique \/ conventionnel<\/p>\n","protected":false},"author":1,"featured_media":0,"parent":6850,"menu_order":0,"comment_status":"closed","ping_status":"closed","template":"","meta":{"footnotes":""},"class_list":["post-8156","page","type-page","status-publish","hentry"],"aioseo_notices":[],"_links":{"self":[{"href":"https:\/\/mbglobalfoods.com\/fr\/wp-json\/wp\/v2\/pages\/8156","targetHints":{"allow":["GET"]}}],"collection":[{"href":"https:\/\/mbglobalfoods.com\/fr\/wp-json\/wp\/v2\/pages"}],"about":[{"href":"https:\/\/mbglobalfoods.com\/fr\/wp-json\/wp\/v2\/types\/page"}],"author":[{"embeddable":true,"href":"https:\/\/mbglobalfoods.com\/fr\/wp-json\/wp\/v2\/users\/1"}],"replies":[{"embeddable":true,"href":"https:\/\/mbglobalfoods.com\/fr\/wp-json\/wp\/v2\/comments?post=8156"}],"version-history":[{"count":7,"href":"https:\/\/mbglobalfoods.com\/fr\/wp-json\/wp\/v2\/pages\/8156\/revisions"}],"predecessor-version":[{"id":9067,"href":"https:\/\/mbglobalfoods.com\/fr\/wp-json\/wp\/v2\/pages\/8156\/revisions\/9067"}],"up":[{"embeddable":true,"href":"https:\/\/mbglobalfoods.com\/fr\/wp-json\/wp\/v2\/pages\/6850"}],"wp:attachment":[{"href":"https:\/\/mbglobalfoods.com\/fr\/wp-json\/wp\/v2\/media?parent=8156"}],"curies":[{"name":"wp","href":"https:\/\/api.w.org\/{rel}","templated":true}]}}