{"id":8155,"date":"2024-03-29T15:25:20","date_gmt":"2024-03-29T15:25:20","guid":{"rendered":"https:\/\/mbglobalfoods.com\/produits\/legumes-surgeles\/chou-fleur\/"},"modified":"2024-10-01T06:57:31","modified_gmt":"2024-10-01T06:57:31","slug":"chou-fleur","status":"publish","type":"page","link":"https:\/\/mbglobalfoods.com\/fr\/produits\/legumes-surgeles\/chou-fleur\/","title":{"rendered":"Chou-fleur"},"content":{"rendered":"<p>Le chou-fleur peut \u00eatre r\u00f4ti, transform\u00e9 en pur\u00e9e ou utilis\u00e9 en &#8216;riz&#8217; pour un accompagnement l\u00e9ger et savoureux.<\/p>\n<ul>\n<li><b>Sp\u00e9cifications : <\/b>Floret, Nugget, Riched<\/li>\n<li><b>Pays d&#8217;origine : <\/b>Belgique, Chine, \u00c9gypte, \u00c9quateur, Espagne, \u00c9tats-Unis, Italie, Mexique, Portugal et Turquie.<\/li>\n<li><b>Type : <\/b>IQF<\/li>\n<li>Note : A, B<\/li>\n<li><b>Biologique \/ conventionnel<\/b><\/li>\n<\/ul>\n\n<table id=\"tablepress-8\" class=\"tablepress tablepress-id-8\">\n<thead>\n<tr class=\"row-1\">\n\t<th class=\"column-1\">Jan<\/th><th class=\"column-2\">Feb<\/th><th class=\"column-3\">Mar<\/th><th class=\"column-4\">Apr<\/th><th class=\"column-5\">May<\/th><th class=\"column-6\">Jun<\/th><th class=\"column-7\">Jul<\/th><th class=\"column-8\">Aug<\/th><th class=\"column-9\">Sep<\/th><th class=\"column-10\">Oct<\/th><th class=\"column-11\">Nov<\/th><th class=\"column-12\">Dec<\/th>\n<\/tr>\n<\/thead>\n<tbody class=\"row-striping row-hover\">\n<tr class=\"row-2\">\n\t<td class=\"column-1\"><\/td><td class=\"column-2\"><\/td><td class=\"column-3\"><\/td><td class=\"column-4\"><\/td><td class=\"column-5\"><\/td><td class=\"column-6\"><\/td><td class=\"column-7\">Belgium<\/td><td class=\"column-8\">Belgium<\/td><td class=\"column-9\">Belgium<\/td><td class=\"column-10\">Belgium<\/td><td class=\"column-11\"><\/td><td class=\"column-12\"><\/td>\n<\/tr>\n<tr class=\"row-3\">\n\t<td class=\"column-1\">China<\/td><td class=\"column-2\">China<\/td><td class=\"column-3\">China<\/td><td class=\"column-4\"><\/td><td class=\"column-5\"><\/td><td class=\"column-6\"><\/td><td class=\"column-7\"><\/td><td class=\"column-8\"><\/td><td class=\"column-9\"><\/td><td class=\"column-10\"><\/td><td class=\"column-11\">China<\/td><td class=\"column-12\">China<\/td>\n<\/tr>\n<tr class=\"row-4\">\n\t<td class=\"column-1\">Ecuador<\/td><td class=\"column-2\">Ecuador<\/td><td class=\"column-3\">Ecuador<\/td><td class=\"column-4\">Ecuador<\/td><td class=\"column-5\">Ecuador<\/td><td class=\"column-6\">Ecuador<\/td><td class=\"column-7\">Ecuador<\/td><td class=\"column-8\">Ecuador<\/td><td class=\"column-9\">Ecuador<\/td><td class=\"column-10\">Ecuador<\/td><td class=\"column-11\">Ecuador<\/td><td class=\"column-12\">Ecuador<\/td>\n<\/tr>\n<tr class=\"row-5\">\n\t<td class=\"column-1\">Egypt<\/td><td class=\"column-2\">Egypt<\/td><td class=\"column-3\"><\/td><td class=\"column-4\"><\/td><td class=\"column-5\"><\/td><td class=\"column-6\"><\/td><td class=\"column-7\"><\/td><td class=\"column-8\"><\/td><td class=\"column-9\"><\/td><td class=\"column-10\"><\/td><td class=\"column-11\"><\/td><td class=\"column-12\">Egypt<\/td>\n<\/tr>\n<tr class=\"row-6\">\n\t<td class=\"column-1\">Italy<\/td><td class=\"column-2\"><\/td><td class=\"column-3\"><\/td><td class=\"column-4\"><\/td><td class=\"column-5\"><\/td><td class=\"column-6\"><\/td><td class=\"column-7\"><\/td><td class=\"column-8\"><\/td><td class=\"column-9\"><\/td><td class=\"column-10\">Italy<\/td><td class=\"column-11\">Italy<\/td><td class=\"column-12\">Italy<\/td>\n<\/tr>\n<tr class=\"row-7\">\n\t<td class=\"column-1\">Mexico<\/td><td class=\"column-2\">Mexico<\/td><td class=\"column-3\">Mexico<\/td><td class=\"column-4\"><\/td><td class=\"column-5\"><\/td><td class=\"column-6\"><\/td><td class=\"column-7\"><\/td><td class=\"column-8\"><\/td><td class=\"column-9\">Mexico<\/td><td class=\"column-10\">Mexico<\/td><td class=\"column-11\">Mexico<\/td><td class=\"column-12\">Mexico<\/td>\n<\/tr>\n<tr class=\"row-8\">\n\t<td class=\"column-1\">Portugal<\/td><td class=\"column-2\"><\/td><td class=\"column-3\"><\/td><td class=\"column-4\"><\/td><td class=\"column-5\"><\/td><td class=\"column-6\"><\/td><td class=\"column-7\"><\/td><td class=\"column-8\"><\/td><td class=\"column-9\"><\/td><td class=\"column-10\"><\/td><td class=\"column-11\"><\/td><td class=\"column-12\">Portugal<\/td>\n<\/tr>\n<tr class=\"row-9\">\n\t<td class=\"column-1\"><\/td><td class=\"column-2\"><\/td><td class=\"column-3\"><\/td><td class=\"column-4\"><\/td><td class=\"column-5\"><\/td><td class=\"column-6\"><\/td><td class=\"column-7\"><\/td><td class=\"column-8\"><\/td><td class=\"column-9\"><\/td><td class=\"column-10\"><\/td><td class=\"column-11\">Spain<\/td><td class=\"column-12\">Spain<\/td>\n<\/tr>\n<tr class=\"row-10\">\n\t<td class=\"column-1\">Turkey<\/td><td class=\"column-2\">Turkey<\/td><td class=\"column-3\"><\/td><td class=\"column-4\"><\/td><td class=\"column-5\"><\/td><td class=\"column-6\"><\/td><td class=\"column-7\"><\/td><td class=\"column-8\"><\/td><td class=\"column-9\"><\/td><td class=\"column-10\">Turkey<\/td><td class=\"column-11\">Turkey<\/td><td class=\"column-12\">Turkey<\/td>\n<\/tr>\n<tr class=\"row-11\">\n\t<td class=\"column-1\"><\/td><td class=\"column-2\"><\/td><td class=\"column-3\"><\/td><td class=\"column-4\"><\/td><td class=\"column-5\"><\/td><td class=\"column-6\"><\/td><td class=\"column-7\"><\/td><td class=\"column-8\"><\/td><td class=\"column-9\">USA<\/td><td class=\"column-10\">USA<\/td><td class=\"column-11\">USA<\/td><td class=\"column-12\"><\/td>\n<\/tr>\n<\/tbody>\n<\/table>\n<!-- #tablepress-8 from cache -->\n","protected":false},"excerpt":{"rendered":"<p>Le chou-fleur peut \u00eatre r\u00f4ti, transform\u00e9 en pur\u00e9e ou utilis\u00e9 en &#8216;riz&#8217; pour un accompagnement l\u00e9ger et savoureux. Sp\u00e9cifications : Floret, Nugget, Riched Pays d&#8217;origine : Belgique, Chine, \u00c9gypte, \u00c9quateur, Espagne, \u00c9tats-Unis, Italie, Mexique, Portugal et Turquie. Type : IQF Note : A, B Biologique \/ conventionnel<\/p>\n","protected":false},"author":1,"featured_media":0,"parent":6850,"menu_order":0,"comment_status":"closed","ping_status":"closed","template":"","meta":{"footnotes":""},"class_list":["post-8155","page","type-page","status-publish","hentry"],"aioseo_notices":[],"_links":{"self":[{"href":"https:\/\/mbglobalfoods.com\/fr\/wp-json\/wp\/v2\/pages\/8155","targetHints":{"allow":["GET"]}}],"collection":[{"href":"https:\/\/mbglobalfoods.com\/fr\/wp-json\/wp\/v2\/pages"}],"about":[{"href":"https:\/\/mbglobalfoods.com\/fr\/wp-json\/wp\/v2\/types\/page"}],"author":[{"embeddable":true,"href":"https:\/\/mbglobalfoods.com\/fr\/wp-json\/wp\/v2\/users\/1"}],"replies":[{"embeddable":true,"href":"https:\/\/mbglobalfoods.com\/fr\/wp-json\/wp\/v2\/comments?post=8155"}],"version-history":[{"count":6,"href":"https:\/\/mbglobalfoods.com\/fr\/wp-json\/wp\/v2\/pages\/8155\/revisions"}],"predecessor-version":[{"id":9064,"href":"https:\/\/mbglobalfoods.com\/fr\/wp-json\/wp\/v2\/pages\/8155\/revisions\/9064"}],"up":[{"embeddable":true,"href":"https:\/\/mbglobalfoods.com\/fr\/wp-json\/wp\/v2\/pages\/6850"}],"wp:attachment":[{"href":"https:\/\/mbglobalfoods.com\/fr\/wp-json\/wp\/v2\/media?parent=8155"}],"curies":[{"name":"wp","href":"https:\/\/api.w.org\/{rel}","templated":true}]}}