{"id":8154,"date":"2024-03-29T15:24:49","date_gmt":"2024-03-29T15:24:49","guid":{"rendered":"https:\/\/mbglobalfoods.com\/produits\/legumes-surgeles\/carottes\/"},"modified":"2024-10-01T06:57:22","modified_gmt":"2024-10-01T06:57:22","slug":"carottes","status":"publish","type":"page","link":"https:\/\/mbglobalfoods.com\/fr\/produits\/legumes-surgeles\/carottes\/","title":{"rendered":"Carottes"},"content":{"rendered":"<p>Nos carottes apportent douceur et couleur \u00e0 vos plats, excellentes en snack ou int\u00e9gr\u00e9es dans des salades croquantes.<\/p>\n<ul>\n<li>Sp\u00e9cifications : En tranches, en d\u00e9s, en julienne, en parisienne<\/li>\n<li><b>Pays d&#8217;origine :<\/b> Belgique, Canada, Chine, \u00c9gypte, Inde, Pologne, Turquie \u00c9tats-Unis.<\/li>\n<li><b>Type : <\/b>IQF<\/li>\n<li>Note : A, B, C, D<\/li>\n<li><b>Biologique \/ conventionnel<\/b><\/li>\n<\/ul>\n\n<table id=\"tablepress-7\" class=\"tablepress tablepress-id-7\">\n<thead>\n<tr class=\"row-1\">\n\t<th class=\"column-1\">Jan<\/th><th class=\"column-2\">Feb<\/th><th class=\"column-3\">Mar<\/th><th class=\"column-4\">Apr<\/th><th class=\"column-5\">May<\/th><th class=\"column-6\">Jun<\/th><th class=\"column-7\">Jul<\/th><th class=\"column-8\">Aug<\/th><th class=\"column-9\">Sep<\/th><th class=\"column-10\">Oct<\/th><th class=\"column-11\">Nov<\/th><th class=\"column-12\">Dec<\/th>\n<\/tr>\n<\/thead>\n<tbody class=\"row-striping row-hover\">\n<tr class=\"row-2\">\n\t<td class=\"column-1\"><\/td><td class=\"column-2\"><\/td><td class=\"column-3\"><\/td><td class=\"column-4\"><\/td><td class=\"column-5\">Belgium<\/td><td class=\"column-6\">Belgium<\/td><td class=\"column-7\"><\/td><td class=\"column-8\"><\/td><td class=\"column-9\"><\/td><td class=\"column-10\">Belgium<\/td><td class=\"column-11\">Belgium<\/td><td class=\"column-12\">Belgium<\/td>\n<\/tr>\n<tr class=\"row-3\">\n\t<td class=\"column-1\"><\/td><td class=\"column-2\"><\/td><td class=\"column-3\"><\/td><td class=\"column-4\"><\/td><td class=\"column-5\"><\/td><td class=\"column-6\"><\/td><td class=\"column-7\">Canada<\/td><td class=\"column-8\">Canada<\/td><td class=\"column-9\">Canada<\/td><td class=\"column-10\">Canada<\/td><td class=\"column-11\">Canada<\/td><td class=\"column-12\"><\/td>\n<\/tr>\n<tr class=\"row-4\">\n\t<td class=\"column-1\"><\/td><td class=\"column-2\"><\/td><td class=\"column-3\"><\/td><td class=\"column-4\">China<\/td><td class=\"column-5\">China<\/td><td class=\"column-6\"><\/td><td class=\"column-7\"><\/td><td class=\"column-8\"><\/td><td class=\"column-9\">China<\/td><td class=\"column-10\">China<\/td><td class=\"column-11\">China<\/td><td class=\"column-12\"><\/td>\n<\/tr>\n<tr class=\"row-5\">\n\t<td class=\"column-1\">Egypt<\/td><td class=\"column-2\">Egypt<\/td><td class=\"column-3\"><\/td><td class=\"column-4\"><\/td><td class=\"column-5\">Egypt<\/td><td class=\"column-6\">Egypt<\/td><td class=\"column-7\"><\/td><td class=\"column-8\"><\/td><td class=\"column-9\"><\/td><td class=\"column-10\">Egypt<\/td><td class=\"column-11\">Egypt<\/td><td class=\"column-12\">Egypt<\/td>\n<\/tr>\n<tr class=\"row-6\">\n\t<td class=\"column-1\">India<\/td><td class=\"column-2\">India<\/td><td class=\"column-3\">India<\/td><td class=\"column-4\">India<\/td><td class=\"column-5\"><\/td><td class=\"column-6\"><\/td><td class=\"column-7\"><\/td><td class=\"column-8\"><\/td><td class=\"column-9\"><\/td><td class=\"column-10\"><\/td><td class=\"column-11\"><\/td><td class=\"column-12\">India<\/td>\n<\/tr>\n<tr class=\"row-7\">\n\t<td class=\"column-1\"><\/td><td class=\"column-2\"><\/td><td class=\"column-3\"><\/td><td class=\"column-4\"><\/td><td class=\"column-5\"><\/td><td class=\"column-6\"><\/td><td class=\"column-7\"><\/td><td class=\"column-8\"><\/td><td class=\"column-9\"><\/td><td class=\"column-10\">Poland<\/td><td class=\"column-11\">Poland<\/td><td class=\"column-12\">Poland<\/td>\n<\/tr>\n<tr class=\"row-8\">\n\t<td class=\"column-1\"><\/td><td class=\"column-2\"><\/td><td class=\"column-3\"><\/td><td class=\"column-4\"><\/td><td class=\"column-5\"><\/td><td class=\"column-6\"><\/td><td class=\"column-7\"><\/td><td class=\"column-8\"><\/td><td class=\"column-9\"><\/td><td class=\"column-10\"><\/td><td class=\"column-11\">Turkey<\/td><td class=\"column-12\">Turkey<\/td>\n<\/tr>\n<tr class=\"row-9\">\n\t<td class=\"column-1\"><\/td><td class=\"column-2\"><\/td><td class=\"column-3\"><\/td><td class=\"column-4\"><\/td><td class=\"column-5\"><\/td><td class=\"column-6\"><\/td><td class=\"column-7\">USA<\/td><td class=\"column-8\">USA<\/td><td class=\"column-9\">USA<\/td><td class=\"column-10\">USA<\/td><td class=\"column-11\">USA<\/td><td class=\"column-12\"><\/td>\n<\/tr>\n<\/tbody>\n<\/table>\n<!-- #tablepress-7 from cache -->\n","protected":false},"excerpt":{"rendered":"<p>Nos carottes apportent douceur et couleur \u00e0 vos plats, excellentes en snack ou int\u00e9gr\u00e9es dans des salades croquantes. Sp\u00e9cifications : En tranches, en d\u00e9s, en julienne, en parisienne Pays d&#8217;origine : Belgique, Canada, Chine, \u00c9gypte, Inde, Pologne, Turquie \u00c9tats-Unis. Type : IQF Note : A, B, C, D Biologique \/ conventionnel<\/p>\n","protected":false},"author":1,"featured_media":0,"parent":6850,"menu_order":0,"comment_status":"closed","ping_status":"closed","template":"","meta":{"footnotes":""},"class_list":["post-8154","page","type-page","status-publish","hentry"],"aioseo_notices":[],"_links":{"self":[{"href":"https:\/\/mbglobalfoods.com\/fr\/wp-json\/wp\/v2\/pages\/8154","targetHints":{"allow":["GET"]}}],"collection":[{"href":"https:\/\/mbglobalfoods.com\/fr\/wp-json\/wp\/v2\/pages"}],"about":[{"href":"https:\/\/mbglobalfoods.com\/fr\/wp-json\/wp\/v2\/types\/page"}],"author":[{"embeddable":true,"href":"https:\/\/mbglobalfoods.com\/fr\/wp-json\/wp\/v2\/users\/1"}],"replies":[{"embeddable":true,"href":"https:\/\/mbglobalfoods.com\/fr\/wp-json\/wp\/v2\/comments?post=8154"}],"version-history":[{"count":7,"href":"https:\/\/mbglobalfoods.com\/fr\/wp-json\/wp\/v2\/pages\/8154\/revisions"}],"predecessor-version":[{"id":9063,"href":"https:\/\/mbglobalfoods.com\/fr\/wp-json\/wp\/v2\/pages\/8154\/revisions\/9063"}],"up":[{"embeddable":true,"href":"https:\/\/mbglobalfoods.com\/fr\/wp-json\/wp\/v2\/pages\/6850"}],"wp:attachment":[{"href":"https:\/\/mbglobalfoods.com\/fr\/wp-json\/wp\/v2\/media?parent=8154"}],"curies":[{"name":"wp","href":"https:\/\/api.w.org\/{rel}","templated":true}]}}