{"id":8152,"date":"2024-03-29T15:21:03","date_gmt":"2024-03-29T15:21:03","guid":{"rendered":"https:\/\/mbglobalfoods.com\/produits\/legumes-surgeles\/choux-de-bruxelles\/"},"modified":"2024-10-01T06:54:19","modified_gmt":"2024-10-01T06:54:19","slug":"choux-de-bruxelles","status":"publish","type":"page","link":"https:\/\/mbglobalfoods.com\/fr\/produits\/legumes-surgeles\/choux-de-bruxelles\/","title":{"rendered":"Choux de Bruxelles"},"content":{"rendered":"<p>Les choux de Bruxelles offrent une saveur riche et une texture satisfaisante, excellents r\u00f4tis ou ajout\u00e9s \u00e0 des plats mijot\u00e9s.<\/p>\n<ul>\n<li>Sp\u00e9cifications : Entier 15-25mm, 25-32mm, 32mm+, coup\u00e9 en deux<\/li>\n<li><b>Pays d&#8217;origine : <\/b>Belgique, Guatemala, Turquie, \u00c9tats-Unis.<\/li>\n<li>Type : IQF, grill\u00e9<\/li>\n<li>Note : A, B<\/li>\n<li><b>Biologique \/ conventionnel<\/b><\/li>\n<\/ul>\n\n<table id=\"tablepress-5\" class=\"tablepress tablepress-id-5\">\n<thead>\n<tr class=\"row-1\">\n\t<th class=\"column-1\">Jan<\/th><th class=\"column-2\">Feb<\/th><th class=\"column-3\">Mar<\/th><th class=\"column-4\">Apr<\/th><th class=\"column-5\">May<\/th><th class=\"column-6\">Jun<\/th><th class=\"column-7\">Jul<\/th><th class=\"column-8\">Aug<\/th><th class=\"column-9\">Sep<\/th><th class=\"column-10\">Oct<\/th><th class=\"column-11\">Nov<\/th><th class=\"column-12\">Dec<\/th>\n<\/tr>\n<\/thead>\n<tbody class=\"row-striping row-hover\">\n<tr class=\"row-2\">\n\t<td class=\"column-1\"><\/td><td class=\"column-2\"><\/td><td class=\"column-3\"><\/td><td class=\"column-4\"><\/td><td class=\"column-5\"><\/td><td class=\"column-6\"><\/td><td class=\"column-7\"><\/td><td class=\"column-8\"><\/td><td class=\"column-9\"><\/td><td class=\"column-10\"><\/td><td class=\"column-11\">Belgium<\/td><td class=\"column-12\">Belgium<\/td>\n<\/tr>\n<tr class=\"row-3\">\n\t<td class=\"column-1\">Guatemala<\/td><td class=\"column-2\">Guatemala<\/td><td class=\"column-3\"><\/td><td class=\"column-4\"><\/td><td class=\"column-5\"><\/td><td class=\"column-6\"><\/td><td class=\"column-7\"><\/td><td class=\"column-8\"><\/td><td class=\"column-9\">Guatemala<\/td><td class=\"column-10\">Guatemala<\/td><td class=\"column-11\">Guatemala<\/td><td class=\"column-12\">Guatemala<\/td>\n<\/tr>\n<tr class=\"row-4\">\n\t<td class=\"column-1\">Turkey<\/td><td class=\"column-2\">Turkey<\/td><td class=\"column-3\">Turkey<\/td><td class=\"column-4\"><\/td><td class=\"column-5\"><\/td><td class=\"column-6\"><\/td><td class=\"column-7\"><\/td><td class=\"column-8\"><\/td><td class=\"column-9\"><\/td><td class=\"column-10\"><\/td><td class=\"column-11\"><\/td><td class=\"column-12\">Turkey<\/td>\n<\/tr>\n<tr class=\"row-5\">\n\t<td class=\"column-1\"><\/td><td class=\"column-2\"><\/td><td class=\"column-3\"><\/td><td class=\"column-4\"><\/td><td class=\"column-5\"><\/td><td class=\"column-6\"><\/td><td class=\"column-7\">USA<\/td><td class=\"column-8\">USA<\/td><td class=\"column-9\">USA<\/td><td class=\"column-10\">USA<\/td><td class=\"column-11\">USA<\/td><td class=\"column-12\"><\/td>\n<\/tr>\n<\/tbody>\n<\/table>\n<!-- #tablepress-5 from cache -->\n","protected":false},"excerpt":{"rendered":"<p>Les choux de Bruxelles offrent une saveur riche et une texture satisfaisante, excellents r\u00f4tis ou ajout\u00e9s \u00e0 des plats mijot\u00e9s. Sp\u00e9cifications : Entier 15-25mm, 25-32mm, 32mm+, coup\u00e9 en deux Pays d&#8217;origine : Belgique, Guatemala, Turquie, \u00c9tats-Unis. Type : IQF, grill\u00e9 Note : A, B Biologique \/ conventionnel<\/p>\n","protected":false},"author":1,"featured_media":0,"parent":6850,"menu_order":0,"comment_status":"closed","ping_status":"closed","template":"","meta":{"footnotes":""},"class_list":["post-8152","page","type-page","status-publish","hentry"],"aioseo_notices":[],"_links":{"self":[{"href":"https:\/\/mbglobalfoods.com\/fr\/wp-json\/wp\/v2\/pages\/8152","targetHints":{"allow":["GET"]}}],"collection":[{"href":"https:\/\/mbglobalfoods.com\/fr\/wp-json\/wp\/v2\/pages"}],"about":[{"href":"https:\/\/mbglobalfoods.com\/fr\/wp-json\/wp\/v2\/types\/page"}],"author":[{"embeddable":true,"href":"https:\/\/mbglobalfoods.com\/fr\/wp-json\/wp\/v2\/users\/1"}],"replies":[{"embeddable":true,"href":"https:\/\/mbglobalfoods.com\/fr\/wp-json\/wp\/v2\/comments?post=8152"}],"version-history":[{"count":6,"href":"https:\/\/mbglobalfoods.com\/fr\/wp-json\/wp\/v2\/pages\/8152\/revisions"}],"predecessor-version":[{"id":9060,"href":"https:\/\/mbglobalfoods.com\/fr\/wp-json\/wp\/v2\/pages\/8152\/revisions\/9060"}],"up":[{"embeddable":true,"href":"https:\/\/mbglobalfoods.com\/fr\/wp-json\/wp\/v2\/pages\/6850"}],"wp:attachment":[{"href":"https:\/\/mbglobalfoods.com\/fr\/wp-json\/wp\/v2\/media?parent=8152"}],"curies":[{"name":"wp","href":"https:\/\/api.w.org\/{rel}","templated":true}]}}