{"id":8151,"date":"2024-03-29T15:14:02","date_gmt":"2024-03-29T15:14:02","guid":{"rendered":"https:\/\/mbglobalfoods.com\/produits\/legumes-surgeles\/brocoli\/"},"modified":"2024-10-01T06:54:13","modified_gmt":"2024-10-01T06:54:13","slug":"brocoli","status":"publish","type":"page","link":"https:\/\/mbglobalfoods.com\/fr\/produits\/legumes-surgeles\/brocoli\/","title":{"rendered":"Brocoli"},"content":{"rendered":"<p>Notre brocoli est riche en vitamines et pr\u00eat \u00e0 \u00eatre int\u00e9gr\u00e9 dans vos recettes sant\u00e9, parfait pour des repas \u00e9quilibr\u00e9s.<\/p>\n<ul>\n<li><b>Sp\u00e9cifications : <\/b>Floret, p\u00e9pite, r\u00e2p\u00e9, hach\u00e9, fines<\/li>\n<li><b>Pays d&#8217;origine : <\/b>ArgentineChine, \u00c9gypte, \u00c9quateur, Guatemala, Espagne, \u00c9tats-Unis, Italie, Mexique, Pologne, Portugal, Turquie.<\/li>\n<li><b>Type : <\/b>IQF<\/li>\n<li>Note : A, B<\/li>\n<li><b>Biologique \/ conventionnel<\/b><\/li>\n<\/ul>\n\n<table id=\"tablepress-4\" class=\"tablepress tablepress-id-4\">\n<thead>\n<tr class=\"row-1\">\n\t<th class=\"column-1\">Jan<\/th><th class=\"column-2\">Feb<\/th><th class=\"column-3\">Mar<\/th><th class=\"column-4\">Apr<\/th><th class=\"column-5\">May<\/th><th class=\"column-6\">Jun<\/th><th class=\"column-7\">Jul<\/th><th class=\"column-8\">Aug<\/th><th class=\"column-9\">Sep<\/th><th class=\"column-10\">Oct<\/th><th class=\"column-11\">Nov<\/th><th class=\"column-12\">Dec<\/th>\n<\/tr>\n<\/thead>\n<tbody class=\"row-striping row-hover\">\n<tr class=\"row-2\">\n\t<td class=\"column-1\"><\/td><td class=\"column-2\"><\/td><td class=\"column-3\"><\/td><td class=\"column-4\"><\/td><td class=\"column-5\"><\/td><td class=\"column-6\">Argentina<\/td><td class=\"column-7\">Argentina<\/td><td class=\"column-8\">Argentina<\/td><td class=\"column-9\">Argentina<\/td><td class=\"column-10\"><\/td><td class=\"column-11\"><\/td><td class=\"column-12\"><\/td>\n<\/tr>\n<tr class=\"row-3\">\n\t<td class=\"column-1\">China<\/td><td class=\"column-2\">China<\/td><td class=\"column-3\"><\/td><td class=\"column-4\"><\/td><td class=\"column-5\"><\/td><td class=\"column-6\"><\/td><td class=\"column-7\"><\/td><td class=\"column-8\"><\/td><td class=\"column-9\"><\/td><td class=\"column-10\">China<\/td><td class=\"column-11\">China<\/td><td class=\"column-12\">China<\/td>\n<\/tr>\n<tr class=\"row-4\">\n\t<td class=\"column-1\">Ecuador<\/td><td class=\"column-2\">Ecuador<\/td><td class=\"column-3\">Ecuador<\/td><td class=\"column-4\">Ecuador<\/td><td class=\"column-5\">Ecuador<\/td><td class=\"column-6\">Ecuador<\/td><td class=\"column-7\">Ecuador<\/td><td class=\"column-8\">Ecuador<\/td><td class=\"column-9\">Ecuador<\/td><td class=\"column-10\">Ecuador<\/td><td class=\"column-11\">Ecuador<\/td><td class=\"column-12\">Ecuador<\/td>\n<\/tr>\n<tr class=\"row-5\">\n\t<td class=\"column-1\">Egypt<\/td><td class=\"column-2\">Egypt<\/td><td class=\"column-3\"><\/td><td class=\"column-4\"><\/td><td class=\"column-5\"><\/td><td class=\"column-6\"><\/td><td class=\"column-7\"><\/td><td class=\"column-8\"><\/td><td class=\"column-9\"><\/td><td class=\"column-10\"><\/td><td class=\"column-11\"><\/td><td class=\"column-12\">Egypt<\/td>\n<\/tr>\n<tr class=\"row-6\">\n\t<td class=\"column-1\">Guatemala<\/td><td class=\"column-2\">Guatemala<\/td><td class=\"column-3\">Guatemala<\/td><td class=\"column-4\"><\/td><td class=\"column-5\"><\/td><td class=\"column-6\"><\/td><td class=\"column-7\">Guatemala<\/td><td class=\"column-8\">Guatemala<\/td><td class=\"column-9\">Guatemala<\/td><td class=\"column-10\">Guatemala<\/td><td class=\"column-11\">Guatemala<\/td><td class=\"column-12\">Guatemala<\/td>\n<\/tr>\n<tr class=\"row-7\">\n\t<td class=\"column-1\">Italy<\/td><td class=\"column-2\"><\/td><td class=\"column-3\"><\/td><td class=\"column-4\"><\/td><td class=\"column-5\"><\/td><td class=\"column-6\"><\/td><td class=\"column-7\"><\/td><td class=\"column-8\">Italy<\/td><td class=\"column-9\">Italy<\/td><td class=\"column-10\">Italy<\/td><td class=\"column-11\">Italy<\/td><td class=\"column-12\">Italy<\/td>\n<\/tr>\n<tr class=\"row-8\">\n\t<td class=\"column-1\">Mexico<\/td><td class=\"column-2\">Mexico<\/td><td class=\"column-3\">Mexico<\/td><td class=\"column-4\">Mexico<\/td><td class=\"column-5\">Mexico<\/td><td class=\"column-6\">Mexico<\/td><td class=\"column-7\"><\/td><td class=\"column-8\"><\/td><td class=\"column-9\">Mexico<\/td><td class=\"column-10\">Mexico<\/td><td class=\"column-11\">Mexico<\/td><td class=\"column-12\">Mexico<\/td>\n<\/tr>\n<tr class=\"row-9\">\n\t<td class=\"column-1\"><\/td><td class=\"column-2\"><\/td><td class=\"column-3\"><\/td><td class=\"column-4\"><\/td><td class=\"column-5\"><\/td><td class=\"column-6\"><\/td><td class=\"column-7\"><\/td><td class=\"column-8\">Poland<\/td><td class=\"column-9\">Poland<\/td><td class=\"column-10\"><\/td><td class=\"column-11\"><\/td><td class=\"column-12\"><\/td>\n<\/tr>\n<tr class=\"row-10\">\n\t<td class=\"column-1\">Portugal<\/td><td class=\"column-2\">Portugal<\/td><td class=\"column-3\"><\/td><td class=\"column-4\"><\/td><td class=\"column-5\"><\/td><td class=\"column-6\"><\/td><td class=\"column-7\"><\/td><td class=\"column-8\"><\/td><td class=\"column-9\"><\/td><td class=\"column-10\"><\/td><td class=\"column-11\">Portugal<\/td><td class=\"column-12\">Portugal<\/td>\n<\/tr>\n<tr class=\"row-11\">\n\t<td class=\"column-1\">Spain<\/td><td class=\"column-2\">Spain<\/td><td class=\"column-3\">Spain<\/td><td class=\"column-4\"><\/td><td class=\"column-5\"><\/td><td class=\"column-6\"><\/td><td class=\"column-7\"><\/td><td class=\"column-8\"><\/td><td class=\"column-9\"><\/td><td class=\"column-10\">Spain<\/td><td class=\"column-11\">Spain<\/td><td class=\"column-12\">Spain<\/td>\n<\/tr>\n<tr class=\"row-12\">\n\t<td class=\"column-1\"><\/td><td class=\"column-2\">Turkey<\/td><td class=\"column-3\">Turkey<\/td><td class=\"column-4\"><\/td><td class=\"column-5\"><\/td><td class=\"column-6\"><\/td><td class=\"column-7\"><\/td><td class=\"column-8\"><\/td><td class=\"column-9\"><\/td><td class=\"column-10\"><\/td><td class=\"column-11\"><\/td><td class=\"column-12\"><\/td>\n<\/tr>\n<tr class=\"row-13\">\n\t<td class=\"column-1\"><\/td><td class=\"column-2\"><\/td><td class=\"column-3\"><\/td><td class=\"column-4\"><\/td><td class=\"column-5\"><\/td><td class=\"column-6\">USA<\/td><td class=\"column-7\">USA<\/td><td class=\"column-8\">USA<\/td><td class=\"column-9\">USA<\/td><td class=\"column-10\"><\/td><td class=\"column-11\"><\/td><td class=\"column-12\"><\/td>\n<\/tr>\n<\/tbody>\n<\/table>\n<!-- #tablepress-4 from cache -->\n","protected":false},"excerpt":{"rendered":"<p>Notre brocoli est riche en vitamines et pr\u00eat \u00e0 \u00eatre int\u00e9gr\u00e9 dans vos recettes sant\u00e9, parfait pour des repas \u00e9quilibr\u00e9s. Sp\u00e9cifications : Floret, p\u00e9pite, r\u00e2p\u00e9, hach\u00e9, fines Pays d&#8217;origine : ArgentineChine, \u00c9gypte, \u00c9quateur, Guatemala, Espagne, \u00c9tats-Unis, Italie, Mexique, Pologne, Portugal, Turquie. Type : IQF Note : A, B Biologique \/ conventionnel<\/p>\n","protected":false},"author":1,"featured_media":0,"parent":6850,"menu_order":0,"comment_status":"closed","ping_status":"closed","template":"","meta":{"footnotes":""},"class_list":["post-8151","page","type-page","status-publish","hentry"],"aioseo_notices":[],"_links":{"self":[{"href":"https:\/\/mbglobalfoods.com\/fr\/wp-json\/wp\/v2\/pages\/8151","targetHints":{"allow":["GET"]}}],"collection":[{"href":"https:\/\/mbglobalfoods.com\/fr\/wp-json\/wp\/v2\/pages"}],"about":[{"href":"https:\/\/mbglobalfoods.com\/fr\/wp-json\/wp\/v2\/types\/page"}],"author":[{"embeddable":true,"href":"https:\/\/mbglobalfoods.com\/fr\/wp-json\/wp\/v2\/users\/1"}],"replies":[{"embeddable":true,"href":"https:\/\/mbglobalfoods.com\/fr\/wp-json\/wp\/v2\/comments?post=8151"}],"version-history":[{"count":6,"href":"https:\/\/mbglobalfoods.com\/fr\/wp-json\/wp\/v2\/pages\/8151\/revisions"}],"predecessor-version":[{"id":9059,"href":"https:\/\/mbglobalfoods.com\/fr\/wp-json\/wp\/v2\/pages\/8151\/revisions\/9059"}],"up":[{"embeddable":true,"href":"https:\/\/mbglobalfoods.com\/fr\/wp-json\/wp\/v2\/pages\/6850"}],"wp:attachment":[{"href":"https:\/\/mbglobalfoods.com\/fr\/wp-json\/wp\/v2\/media?parent=8151"}],"curies":[{"name":"wp","href":"https:\/\/api.w.org\/{rel}","templated":true}]}}