{"id":8143,"date":"2024-03-29T14:36:30","date_gmt":"2024-03-29T14:36:30","guid":{"rendered":"https:\/\/mbglobalfoods.com\/produits\/fruits-surgeles\/fraise\/"},"modified":"2024-10-01T06:44:47","modified_gmt":"2024-10-01T06:44:47","slug":"fraise","status":"publish","type":"page","link":"https:\/\/mbglobalfoods.com\/fr\/produits\/fruits-surgeles\/fraise\/","title":{"rendered":"Fraise"},"content":{"rendered":"<p>Les fraises, toujours appr\u00e9ci\u00e9es pour leur go\u00fbt sucr\u00e9, sont parfaites dans les desserts, smoothies, ou simplement nature.<\/p>\n<ul>\n<li><b>Pays d&#8217;origine :<\/b> Argentine, Canada, Chili, Chine, \u00c9gypte, Espagne, \u00c9tats-Unis, Maroc, Mexique, P\u00e9rou, Pologne, Serbie, Turquie<\/li>\n<li><b>Type : <\/b>IQF, BQF, Pur\u00e9e, Concentr\u00e9, NFC<\/li>\n<li><b>Grade : <\/b>A, B, Sort out, Field Run, Juice Stock<\/li>\n<li><b>Biologique \/ conventionnel<\/b><\/li>\n<\/ul>\n\n<table id=\"tablepress-49\" class=\"tablepress tablepress-id-49\">\n<thead>\n<tr class=\"row-1\">\n\t<th class=\"column-1\">Jan<\/th><th class=\"column-2\">Feb<\/th><th class=\"column-3\">Mar<\/th><th class=\"column-4\">Apr<\/th><th class=\"column-5\">May<\/th><th class=\"column-6\">Jun<\/th><th class=\"column-7\">Jul<\/th><th class=\"column-8\">Aug<\/th><th class=\"column-9\">Sep<\/th><th class=\"column-10\">Oct<\/th><th class=\"column-11\">Nov<\/th><th class=\"column-12\">Dec<\/th>\n<\/tr>\n<\/thead>\n<tbody class=\"row-striping row-hover\">\n<tr class=\"row-2\">\n\t<td class=\"column-1\"><\/td><td class=\"column-2\"><\/td><td class=\"column-3\"><\/td><td class=\"column-4\"><\/td><td class=\"column-5\"><\/td><td class=\"column-6\"><\/td><td class=\"column-7\"><\/td><td class=\"column-8\"><\/td><td class=\"column-9\">Argentina<\/td><td class=\"column-10\">Argentina<\/td><td class=\"column-11\">Argentina<\/td><td class=\"column-12\">Argentina<\/td>\n<\/tr>\n<tr class=\"row-3\">\n\t<td class=\"column-1\"><\/td><td class=\"column-2\"><\/td><td class=\"column-3\"><\/td><td class=\"column-4\"><\/td><td class=\"column-5\"><\/td><td class=\"column-6\"><\/td><td class=\"column-7\"><\/td><td class=\"column-8\"><\/td><td class=\"column-9\">Canada<\/td><td class=\"column-10\">Canada<\/td><td class=\"column-11\"><\/td><td class=\"column-12\"><\/td>\n<\/tr>\n<tr class=\"row-4\">\n\t<td class=\"column-1\">Chile<\/td><td class=\"column-2\">Chile<\/td><td class=\"column-3\">Chile<\/td><td class=\"column-4\">Chile<\/td><td class=\"column-5\"><\/td><td class=\"column-6\"><\/td><td class=\"column-7\"><\/td><td class=\"column-8\"><\/td><td class=\"column-9\"><\/td><td class=\"column-10\"><\/td><td class=\"column-11\">Chile<\/td><td class=\"column-12\">Chile<\/td>\n<\/tr>\n<tr class=\"row-5\">\n\t<td class=\"column-1\"><\/td><td class=\"column-2\"><\/td><td class=\"column-3\"><\/td><td class=\"column-4\">China<\/td><td class=\"column-5\">China<\/td><td class=\"column-6\">China<\/td><td class=\"column-7\">China<\/td><td class=\"column-8\"><\/td><td class=\"column-9\"><\/td><td class=\"column-10\"><\/td><td class=\"column-11\"><\/td><td class=\"column-12\"><\/td>\n<\/tr>\n<tr class=\"row-6\">\n\t<td class=\"column-1\">Egypt<\/td><td class=\"column-2\">Egypt<\/td><td class=\"column-3\">Egypt<\/td><td class=\"column-4\">Egypt<\/td><td class=\"column-5\">Egypt<\/td><td class=\"column-6\"><\/td><td class=\"column-7\"><\/td><td class=\"column-8\"><\/td><td class=\"column-9\"><\/td><td class=\"column-10\"><\/td><td class=\"column-11\"><\/td><td class=\"column-12\">Egypt<\/td>\n<\/tr>\n<tr class=\"row-7\">\n\t<td class=\"column-1\">Mexico<\/td><td class=\"column-2\">Mexico<\/td><td class=\"column-3\">Mexico<\/td><td class=\"column-4\">Mexico<\/td><td class=\"column-5\">Mexico<\/td><td class=\"column-6\"><\/td><td class=\"column-7\"><\/td><td class=\"column-8\"><\/td><td class=\"column-9\"><\/td><td class=\"column-10\"><\/td><td class=\"column-11\"><\/td><td class=\"column-12\">Mexico<\/td>\n<\/tr>\n<tr class=\"row-8\">\n\t<td class=\"column-1\"><\/td><td class=\"column-2\"><\/td><td class=\"column-3\">Morocco<\/td><td class=\"column-4\">Morocco<\/td><td class=\"column-5\"><\/td><td class=\"column-6\"><\/td><td class=\"column-7\"><\/td><td class=\"column-8\"><\/td><td class=\"column-9\"><\/td><td class=\"column-10\"><\/td><td class=\"column-11\"><\/td><td class=\"column-12\"><\/td>\n<\/tr>\n<tr class=\"row-9\">\n\t<td class=\"column-1\">Peru<\/td><td class=\"column-2\"><\/td><td class=\"column-3\"><\/td><td class=\"column-4\"><\/td><td class=\"column-5\"><\/td><td class=\"column-6\"><\/td><td class=\"column-7\"><\/td><td class=\"column-8\">Peru<\/td><td class=\"column-9\">Peru<\/td><td class=\"column-10\">Peru<\/td><td class=\"column-11\">Peru<\/td><td class=\"column-12\">Peru<\/td>\n<\/tr>\n<tr class=\"row-10\">\n\t<td class=\"column-1\"><\/td><td class=\"column-2\"><\/td><td class=\"column-3\"><\/td><td class=\"column-4\"><\/td><td class=\"column-5\"><\/td><td class=\"column-6\">Poland<\/td><td class=\"column-7\">Poland<\/td><td class=\"column-8\"><\/td><td class=\"column-9\"><\/td><td class=\"column-10\"><\/td><td class=\"column-11\"><\/td><td class=\"column-12\"><\/td>\n<\/tr>\n<tr class=\"row-11\">\n\t<td class=\"column-1\"><\/td><td class=\"column-2\"><\/td><td class=\"column-3\"><\/td><td class=\"column-4\"><\/td><td class=\"column-5\"><\/td><td class=\"column-6\">Serbia<\/td><td class=\"column-7\">Serbia<\/td><td class=\"column-8\"><\/td><td class=\"column-9\"><\/td><td class=\"column-10\"><\/td><td class=\"column-11\"><\/td><td class=\"column-12\"><\/td>\n<\/tr>\n<tr class=\"row-12\">\n\t<td class=\"column-1\"><\/td><td class=\"column-2\"><\/td><td class=\"column-3\">Spain<\/td><td class=\"column-4\">Spain<\/td><td class=\"column-5\"><\/td><td class=\"column-6\"><\/td><td class=\"column-7\"><\/td><td class=\"column-8\"><\/td><td class=\"column-9\"><\/td><td class=\"column-10\"><\/td><td class=\"column-11\"><\/td><td class=\"column-12\"><\/td>\n<\/tr>\n<tr class=\"row-13\">\n\t<td class=\"column-1\"><\/td><td class=\"column-2\"><\/td><td class=\"column-3\"><\/td><td class=\"column-4\">Turkey<\/td><td class=\"column-5\">Turkey<\/td><td class=\"column-6\">Turkey<\/td><td class=\"column-7\">Turkey<\/td><td class=\"column-8\">Turkey<\/td><td class=\"column-9\">Turkey<\/td><td class=\"column-10\"><\/td><td class=\"column-11\"><\/td><td class=\"column-12\"><\/td>\n<\/tr>\n<tr class=\"row-14\">\n\t<td class=\"column-1\"><\/td><td class=\"column-2\"><\/td><td class=\"column-3\"><\/td><td class=\"column-4\"><\/td><td class=\"column-5\"><\/td><td class=\"column-6\"><\/td><td class=\"column-7\"><\/td><td class=\"column-8\"><\/td><td class=\"column-9\">USA<\/td><td class=\"column-10\">USA<\/td><td class=\"column-11\"><\/td><td class=\"column-12\"><\/td>\n<\/tr>\n<\/tbody>\n<\/table>\n<!-- #tablepress-49 from cache -->\n","protected":false},"excerpt":{"rendered":"<p>Les fraises, toujours appr\u00e9ci\u00e9es pour leur go\u00fbt sucr\u00e9, sont parfaites dans les desserts, smoothies, ou simplement nature. Pays d&#8217;origine : Argentine, Canada, Chili, Chine, \u00c9gypte, Espagne, \u00c9tats-Unis, Maroc, Mexique, P\u00e9rou, Pologne, Serbie, Turquie Type : IQF, BQF, Pur\u00e9e, Concentr\u00e9, NFC Grade : A, B, Sort out, Field Run, Juice Stock Biologique \/ conventionnel<\/p>\n","protected":false},"author":1,"featured_media":0,"parent":6855,"menu_order":0,"comment_status":"closed","ping_status":"closed","template":"","meta":{"footnotes":""},"class_list":["post-8143","page","type-page","status-publish","hentry"],"aioseo_notices":[],"_links":{"self":[{"href":"https:\/\/mbglobalfoods.com\/fr\/wp-json\/wp\/v2\/pages\/8143","targetHints":{"allow":["GET"]}}],"collection":[{"href":"https:\/\/mbglobalfoods.com\/fr\/wp-json\/wp\/v2\/pages"}],"about":[{"href":"https:\/\/mbglobalfoods.com\/fr\/wp-json\/wp\/v2\/types\/page"}],"author":[{"embeddable":true,"href":"https:\/\/mbglobalfoods.com\/fr\/wp-json\/wp\/v2\/users\/1"}],"replies":[{"embeddable":true,"href":"https:\/\/mbglobalfoods.com\/fr\/wp-json\/wp\/v2\/comments?post=8143"}],"version-history":[{"count":6,"href":"https:\/\/mbglobalfoods.com\/fr\/wp-json\/wp\/v2\/pages\/8143\/revisions"}],"predecessor-version":[{"id":8966,"href":"https:\/\/mbglobalfoods.com\/fr\/wp-json\/wp\/v2\/pages\/8143\/revisions\/8966"}],"up":[{"embeddable":true,"href":"https:\/\/mbglobalfoods.com\/fr\/wp-json\/wp\/v2\/pages\/6855"}],"wp:attachment":[{"href":"https:\/\/mbglobalfoods.com\/fr\/wp-json\/wp\/v2\/media?parent=8143"}],"curies":[{"name":"wp","href":"https:\/\/api.w.org\/{rel}","templated":true}]}}