{"id":8133,"date":"2024-03-29T14:33:12","date_gmt":"2024-03-29T14:33:12","guid":{"rendered":"https:\/\/mbglobalfoods.com\/produits\/fruits-surgeles\/ananas\/"},"modified":"2024-10-01T06:42:27","modified_gmt":"2024-10-01T06:42:27","slug":"ananas","status":"publish","type":"page","link":"https:\/\/mbglobalfoods.com\/fr\/produits\/fruits-surgeles\/ananas\/","title":{"rendered":"Ananas"},"content":{"rendered":"<p>L&#8217;ananas ajoute une explosion de douceur et d&#8217;acidit\u00e9, parfait pour griller, cuire au four ou incorporer dans des boissons tropicales.<\/p>\n<ul>\n<li><b>Sp\u00e9cifications : <\/b>Morceau, Bribe, D\u00e9s<\/li>\n<li><b>Pays d&#8217;origine : <\/b>Chine, Colombie, Costa Rica, Guatemala, Inde, Mexique, P\u00e9rou, Vietnam<\/li>\n<li><b>Type : <\/b>IQF, BQF, Pur\u00e9e, Concentr\u00e9, NFC<b> <\/b><\/li>\n<li><b>Grade : <\/b>A, B, Sort Out<\/li>\n<li><b>Biologique \/ conventionnel<\/b><\/li>\n<\/ul>\n\n<table id=\"tablepress-44\" class=\"tablepress tablepress-id-44\">\n<thead>\n<tr class=\"row-1\">\n\t<th class=\"column-1\">Jan<\/th><th class=\"column-2\">Feb<\/th><th class=\"column-3\">Mar<\/th><th class=\"column-4\">Apr<\/th><th class=\"column-5\">May<\/th><th class=\"column-6\">Jun<\/th><th class=\"column-7\">Jul<\/th><th class=\"column-8\">Aug<\/th><th class=\"column-9\">Sep<\/th><th class=\"column-10\">Oct<\/th><th class=\"column-11\">Nov<\/th><th class=\"column-12\">Dec<\/th>\n<\/tr>\n<\/thead>\n<tbody class=\"row-striping row-hover\">\n<tr class=\"row-2\">\n\t<td class=\"column-1\"><\/td><td class=\"column-2\"><\/td><td class=\"column-3\">China<\/td><td class=\"column-4\">China<\/td><td class=\"column-5\">China<\/td><td class=\"column-6\">China<\/td><td class=\"column-7\">China<\/td><td class=\"column-8\"><\/td><td class=\"column-9\"><\/td><td class=\"column-10\"><\/td><td class=\"column-11\"><\/td><td class=\"column-12\"><\/td>\n<\/tr>\n<tr class=\"row-3\">\n\t<td class=\"column-1\">Colombia<\/td><td class=\"column-2\">Colombia<\/td><td class=\"column-3\">Colombia<\/td><td class=\"column-4\">Colombia<\/td><td class=\"column-5\">Colombia<\/td><td class=\"column-6\">Colombia<\/td><td class=\"column-7\">Colombia<\/td><td class=\"column-8\">Colombia<\/td><td class=\"column-9\">Colombia<\/td><td class=\"column-10\">Colombia<\/td><td class=\"column-11\">Colombia<\/td><td class=\"column-12\">Colombia<\/td>\n<\/tr>\n<tr class=\"row-4\">\n\t<td class=\"column-1\">Costa Rica<\/td><td class=\"column-2\">Costa Rica<\/td><td class=\"column-3\">Costa Rica<\/td><td class=\"column-4\">Costa Rica<\/td><td class=\"column-5\">Costa Rica<\/td><td class=\"column-6\">Costa Rica<\/td><td class=\"column-7\">Costa Rica<\/td><td class=\"column-8\">Costa Rica<\/td><td class=\"column-9\">Costa Rica<\/td><td class=\"column-10\">Costa Rica<\/td><td class=\"column-11\">Costa Rica<\/td><td class=\"column-12\">Costa Rica<\/td>\n<\/tr>\n<tr class=\"row-5\">\n\t<td class=\"column-1\">Guatemala<\/td><td class=\"column-2\">Guatemala<\/td><td class=\"column-3\">Guatemala<\/td><td class=\"column-4\">Guatemala<\/td><td class=\"column-5\">Guatemala<\/td><td class=\"column-6\">Guatemala<\/td><td class=\"column-7\">Guatemala<\/td><td class=\"column-8\">Guatemala<\/td><td class=\"column-9\">Guatemala<\/td><td class=\"column-10\">Guatemala<\/td><td class=\"column-11\">Guatemala<\/td><td class=\"column-12\">Guatemala<\/td>\n<\/tr>\n<tr class=\"row-6\">\n\t<td class=\"column-1\">India<\/td><td class=\"column-2\">India<\/td><td class=\"column-3\">India<\/td><td class=\"column-4\"><\/td><td class=\"column-5\"><\/td><td class=\"column-6\"><\/td><td class=\"column-7\"><\/td><td class=\"column-8\"><\/td><td class=\"column-9\"><\/td><td class=\"column-10\"><\/td><td class=\"column-11\"><\/td><td class=\"column-12\">India<\/td>\n<\/tr>\n<tr class=\"row-7\">\n\t<td class=\"column-1\">Mexico<\/td><td class=\"column-2\">Mexico<\/td><td class=\"column-3\">Mexico<\/td><td class=\"column-4\">Mexico<\/td><td class=\"column-5\">Mexico<\/td><td class=\"column-6\">Mexico<\/td><td class=\"column-7\">Mexico<\/td><td class=\"column-8\">Mexico<\/td><td class=\"column-9\">Mexico<\/td><td class=\"column-10\">Mexico<\/td><td class=\"column-11\">Mexico<\/td><td class=\"column-12\">Mexico<\/td>\n<\/tr>\n<tr class=\"row-8\">\n\t<td class=\"column-1\">Peru<\/td><td class=\"column-2\">Peru<\/td><td class=\"column-3\">Peru<\/td><td class=\"column-4\">Peru<\/td><td class=\"column-5\">Peru<\/td><td class=\"column-6\">Peru<\/td><td class=\"column-7\">Peru<\/td><td class=\"column-8\">Peru<\/td><td class=\"column-9\">Peru<\/td><td class=\"column-10\">Peru<\/td><td class=\"column-11\">Peru<\/td><td class=\"column-12\">Peru<\/td>\n<\/tr>\n<tr class=\"row-9\">\n\t<td class=\"column-1\">Vietnam<\/td><td class=\"column-2\">Vietnam<\/td><td class=\"column-3\">Vietnam<\/td><td class=\"column-4\">Vietnam<\/td><td class=\"column-5\"><\/td><td class=\"column-6\"><\/td><td class=\"column-7\"><\/td><td class=\"column-8\"><\/td><td class=\"column-9\"><\/td><td class=\"column-10\"><\/td><td class=\"column-11\">Vietnam<\/td><td class=\"column-12\">Vietnam<\/td>\n<\/tr>\n<\/tbody>\n<\/table>\n<!-- #tablepress-44 from cache -->\n","protected":false},"excerpt":{"rendered":"<p>L&#8217;ananas ajoute une explosion de douceur et d&#8217;acidit\u00e9, parfait pour griller, cuire au four ou incorporer dans des boissons tropicales. Sp\u00e9cifications : Morceau, Bribe, D\u00e9s Pays d&#8217;origine : Chine, Colombie, Costa Rica, Guatemala, Inde, Mexique, P\u00e9rou, Vietnam Type : IQF, BQF, Pur\u00e9e, Concentr\u00e9, NFC Grade : A, B, Sort Out Biologique \/ conventionnel<\/p>\n","protected":false},"author":1,"featured_media":0,"parent":6855,"menu_order":0,"comment_status":"closed","ping_status":"closed","template":"","meta":{"footnotes":""},"class_list":["post-8133","page","type-page","status-publish","hentry"],"aioseo_notices":[],"_links":{"self":[{"href":"https:\/\/mbglobalfoods.com\/fr\/wp-json\/wp\/v2\/pages\/8133","targetHints":{"allow":["GET"]}}],"collection":[{"href":"https:\/\/mbglobalfoods.com\/fr\/wp-json\/wp\/v2\/pages"}],"about":[{"href":"https:\/\/mbglobalfoods.com\/fr\/wp-json\/wp\/v2\/types\/page"}],"author":[{"embeddable":true,"href":"https:\/\/mbglobalfoods.com\/fr\/wp-json\/wp\/v2\/users\/1"}],"replies":[{"embeddable":true,"href":"https:\/\/mbglobalfoods.com\/fr\/wp-json\/wp\/v2\/comments?post=8133"}],"version-history":[{"count":6,"href":"https:\/\/mbglobalfoods.com\/fr\/wp-json\/wp\/v2\/pages\/8133\/revisions"}],"predecessor-version":[{"id":9051,"href":"https:\/\/mbglobalfoods.com\/fr\/wp-json\/wp\/v2\/pages\/8133\/revisions\/9051"}],"up":[{"embeddable":true,"href":"https:\/\/mbglobalfoods.com\/fr\/wp-json\/wp\/v2\/pages\/6855"}],"wp:attachment":[{"href":"https:\/\/mbglobalfoods.com\/fr\/wp-json\/wp\/v2\/media?parent=8133"}],"curies":[{"name":"wp","href":"https:\/\/api.w.org\/{rel}","templated":true}]}}