{"id":8131,"date":"2024-03-29T14:32:28","date_gmt":"2024-03-29T14:32:28","guid":{"rendered":"https:\/\/mbglobalfoods.com\/produits\/fruits-surgeles\/peche\/"},"modified":"2024-10-01T06:41:26","modified_gmt":"2024-10-01T06:41:26","slug":"peche","status":"publish","type":"page","link":"https:\/\/mbglobalfoods.com\/fr\/produits\/fruits-surgeles\/peche\/","title":{"rendered":"P\u00eache"},"content":{"rendered":"<p>Nos p\u00eaches apportent une touche sucr\u00e9e \u00e0 vos tartes et desserts, ou peuvent \u00eatre savour\u00e9es seules pour une pause fra\u00eeche et juteuse.<\/p>\n<ul>\n<li><b>Sp\u00e9cifications : <\/b>En tranches, en d\u00e9s<\/li>\n<li><b>Pays d&#8217;origine : <\/b>Argentine, Gr\u00e8ce, Mexique, Turquie, \u00c9tats-Unis<\/li>\n<li><b>Type : <\/b>IQF, BQF, Pur\u00e9e, Concentr\u00e9, NFC<\/li>\n<li><b>Grade : <\/b>A B, Trier<\/li>\n<li><b>Biologique \/ conventionnel<\/b><\/li>\n<\/ul>\n\n<table id=\"tablepress-43\" class=\"tablepress tablepress-id-43\">\n<thead>\n<tr class=\"row-1\">\n\t<th class=\"column-1\">Jan<\/th><th class=\"column-2\">Feb<\/th><th class=\"column-3\">Mar<\/th><th class=\"column-4\">Apr<\/th><th class=\"column-5\">May<\/th><th class=\"column-6\">Jun<\/th><th class=\"column-7\">Jul<\/th><th class=\"column-8\">Aug<\/th><th class=\"column-9\">Sep<\/th><th class=\"column-10\">Oct<\/th><th class=\"column-11\">Nov<\/th><th class=\"column-12\">Dec<\/th>\n<\/tr>\n<\/thead>\n<tbody class=\"row-striping row-hover\">\n<tr class=\"row-2\">\n\t<td class=\"column-1\">Argentina<\/td><td class=\"column-2\">Argentina<\/td><td class=\"column-3\">Argentina<\/td><td class=\"column-4\"><\/td><td class=\"column-5\"><\/td><td class=\"column-6\"><\/td><td class=\"column-7\"><\/td><td class=\"column-8\"><\/td><td class=\"column-9\"><\/td><td class=\"column-10\"><\/td><td class=\"column-11\"><\/td><td class=\"column-12\"><\/td>\n<\/tr>\n<tr class=\"row-3\">\n\t<td class=\"column-1\"><\/td><td class=\"column-2\"><\/td><td class=\"column-3\"><\/td><td class=\"column-4\"><\/td><td class=\"column-5\"><\/td><td class=\"column-6\"><\/td><td class=\"column-7\">Greece<\/td><td class=\"column-8\">Greece<\/td><td class=\"column-9\"><\/td><td class=\"column-10\"><\/td><td class=\"column-11\"><\/td><td class=\"column-12\"><\/td>\n<\/tr>\n<tr class=\"row-4\">\n\t<td class=\"column-1\">Mexico<\/td><td class=\"column-2\">Mexico<\/td><td class=\"column-3\">Mexico<\/td><td class=\"column-4\">Mexico<\/td><td class=\"column-5\"><\/td><td class=\"column-6\"><\/td><td class=\"column-7\"><\/td><td class=\"column-8\"><\/td><td class=\"column-9\"><\/td><td class=\"column-10\"><\/td><td class=\"column-11\"><\/td><td class=\"column-12\"><\/td>\n<\/tr>\n<tr class=\"row-5\">\n\t<td class=\"column-1\"><\/td><td class=\"column-2\"><\/td><td class=\"column-3\"><\/td><td class=\"column-4\"><\/td><td class=\"column-5\"><\/td><td class=\"column-6\"><\/td><td class=\"column-7\">Turkey<\/td><td class=\"column-8\">Turkey<\/td><td class=\"column-9\"><\/td><td class=\"column-10\"><\/td><td class=\"column-11\"><\/td><td class=\"column-12\"><\/td>\n<\/tr>\n<tr class=\"row-6\">\n\t<td class=\"column-1\"><\/td><td class=\"column-2\"><\/td><td class=\"column-3\"><\/td><td class=\"column-4\"><\/td><td class=\"column-5\"><\/td><td class=\"column-6\">USA<\/td><td class=\"column-7\">USA<\/td><td class=\"column-8\">USA<\/td><td class=\"column-9\">USA<\/td><td class=\"column-10\"><\/td><td class=\"column-11\"><\/td><td class=\"column-12\"><\/td>\n<\/tr>\n<\/tbody>\n<\/table>\n\n","protected":false},"excerpt":{"rendered":"<p>Nos p\u00eaches apportent une touche sucr\u00e9e \u00e0 vos tartes et desserts, ou peuvent \u00eatre savour\u00e9es seules pour une pause fra\u00eeche et juteuse. Sp\u00e9cifications : En tranches, en d\u00e9s Pays d&#8217;origine : Argentine, Gr\u00e8ce, Mexique, Turquie, \u00c9tats-Unis Type : IQF, BQF, Pur\u00e9e, Concentr\u00e9, NFC Grade : A B, Trier Biologique \/ conventionnel<\/p>\n","protected":false},"author":1,"featured_media":0,"parent":6855,"menu_order":0,"comment_status":"closed","ping_status":"closed","template":"","meta":{"footnotes":""},"class_list":["post-8131","page","type-page","status-publish","hentry"],"aioseo_notices":[],"_links":{"self":[{"href":"https:\/\/mbglobalfoods.com\/fr\/wp-json\/wp\/v2\/pages\/8131","targetHints":{"allow":["GET"]}}],"collection":[{"href":"https:\/\/mbglobalfoods.com\/fr\/wp-json\/wp\/v2\/pages"}],"about":[{"href":"https:\/\/mbglobalfoods.com\/fr\/wp-json\/wp\/v2\/types\/page"}],"author":[{"embeddable":true,"href":"https:\/\/mbglobalfoods.com\/fr\/wp-json\/wp\/v2\/users\/1"}],"replies":[{"embeddable":true,"href":"https:\/\/mbglobalfoods.com\/fr\/wp-json\/wp\/v2\/comments?post=8131"}],"version-history":[{"count":5,"href":"https:\/\/mbglobalfoods.com\/fr\/wp-json\/wp\/v2\/pages\/8131\/revisions"}],"predecessor-version":[{"id":9048,"href":"https:\/\/mbglobalfoods.com\/fr\/wp-json\/wp\/v2\/pages\/8131\/revisions\/9048"}],"up":[{"embeddable":true,"href":"https:\/\/mbglobalfoods.com\/fr\/wp-json\/wp\/v2\/pages\/6855"}],"wp:attachment":[{"href":"https:\/\/mbglobalfoods.com\/fr\/wp-json\/wp\/v2\/media?parent=8131"}],"curies":[{"name":"wp","href":"https:\/\/api.w.org\/{rel}","templated":true}]}}