{"id":8122,"date":"2024-03-29T14:28:03","date_gmt":"2024-03-29T14:28:03","guid":{"rendered":"https:\/\/mbglobalfoods.com\/produits\/fruits-surgeles\/raisin\/"},"modified":"2024-10-01T06:23:45","modified_gmt":"2024-10-01T06:23:45","slug":"raisin","status":"publish","type":"page","link":"https:\/\/mbglobalfoods.com\/fr\/produits\/fruits-surgeles\/raisin\/","title":{"rendered":"Raisin"},"content":{"rendered":"<p>Les raisins, petits mais puissants, sont id\u00e9aux pour une consommation directe ou pour ajouter une touche de douceur \u00e0 vos plats et desserts.<\/p>\n<ul>\n<li><b>Sp\u00e9cifications :<\/b> Entier<\/li>\n<li><b>Pays d&#8217;origine : <\/b>Chili, P\u00e9rou.<\/li>\n<li><b>Type : <\/b>IQF<\/li>\n<li><b>Grade : <\/b>A, Sort Out<\/li>\n<li><b>Biologique \/ conventionnel<\/b><\/li>\n<\/ul>\n\n<table id=\"tablepress-38\" class=\"tablepress tablepress-id-38\">\n<thead>\n<tr class=\"row-1\">\n\t<th class=\"column-1\">Jan<\/th><th class=\"column-2\">Feb<\/th><th class=\"column-3\">Mar<\/th><th class=\"column-4\">Apr<\/th><th class=\"column-5\">May<\/th><th class=\"column-6\">Jun<\/th><th class=\"column-7\">Jul<\/th><th class=\"column-8\">Aug<\/th><th class=\"column-9\">Sep<\/th><th class=\"column-10\">Oct<\/th><th class=\"column-11\">Nov<\/th><th class=\"column-12\">Dec<\/th>\n<\/tr>\n<\/thead>\n<tbody class=\"row-striping row-hover\">\n<tr class=\"row-2\">\n\t<td class=\"column-1\"><\/td><td class=\"column-2\"><\/td><td class=\"column-3\">Chile<\/td><td class=\"column-4\">Chile<\/td><td class=\"column-5\"><\/td><td class=\"column-6\"><\/td><td class=\"column-7\"><\/td><td class=\"column-8\"><\/td><td class=\"column-9\"><\/td><td class=\"column-10\"><\/td><td class=\"column-11\"><\/td><td class=\"column-12\"><\/td>\n<\/tr>\n<tr class=\"row-3\">\n\t<td class=\"column-1\">Peru<\/td><td class=\"column-2\">Peru<\/td><td class=\"column-3\">Peru<\/td><td class=\"column-4\"><\/td><td class=\"column-5\"><\/td><td class=\"column-6\"><\/td><td class=\"column-7\"><\/td><td class=\"column-8\"><\/td><td class=\"column-9\"><\/td><td class=\"column-10\">Peru<\/td><td class=\"column-11\">Peru<\/td><td class=\"column-12\">Peru<\/td>\n<\/tr>\n<\/tbody>\n<\/table>\n<!-- #tablepress-38 from cache -->\n","protected":false},"excerpt":{"rendered":"<p>Les raisins, petits mais puissants, sont id\u00e9aux pour une consommation directe ou pour ajouter une touche de douceur \u00e0 vos plats et desserts. Sp\u00e9cifications : Entier Pays d&#8217;origine : Chili, P\u00e9rou. Type : IQF Grade : A, Sort Out Biologique \/ conventionnel<\/p>\n","protected":false},"author":1,"featured_media":0,"parent":6855,"menu_order":0,"comment_status":"closed","ping_status":"closed","template":"","meta":{"footnotes":""},"class_list":["post-8122","page","type-page","status-publish","hentry"],"aioseo_notices":[],"_links":{"self":[{"href":"https:\/\/mbglobalfoods.com\/fr\/wp-json\/wp\/v2\/pages\/8122","targetHints":{"allow":["GET"]}}],"collection":[{"href":"https:\/\/mbglobalfoods.com\/fr\/wp-json\/wp\/v2\/pages"}],"about":[{"href":"https:\/\/mbglobalfoods.com\/fr\/wp-json\/wp\/v2\/types\/page"}],"author":[{"embeddable":true,"href":"https:\/\/mbglobalfoods.com\/fr\/wp-json\/wp\/v2\/users\/1"}],"replies":[{"embeddable":true,"href":"https:\/\/mbglobalfoods.com\/fr\/wp-json\/wp\/v2\/comments?post=8122"}],"version-history":[{"count":6,"href":"https:\/\/mbglobalfoods.com\/fr\/wp-json\/wp\/v2\/pages\/8122\/revisions"}],"predecessor-version":[{"id":9040,"href":"https:\/\/mbglobalfoods.com\/fr\/wp-json\/wp\/v2\/pages\/8122\/revisions\/9040"}],"up":[{"embeddable":true,"href":"https:\/\/mbglobalfoods.com\/fr\/wp-json\/wp\/v2\/pages\/6855"}],"wp:attachment":[{"href":"https:\/\/mbglobalfoods.com\/fr\/wp-json\/wp\/v2\/media?parent=8122"}],"curies":[{"name":"wp","href":"https:\/\/api.w.org\/{rel}","templated":true}]}}