{"id":8111,"date":"2024-03-29T14:25:38","date_gmt":"2024-03-29T14:25:38","guid":{"rendered":"https:\/\/mbglobalfoods.com\/produits\/fruits-surgeles\/mures-de-boysen\/"},"modified":"2024-09-30T20:32:03","modified_gmt":"2024-09-30T20:32:03","slug":"mures-de-boysen","status":"publish","type":"page","link":"https:\/\/mbglobalfoods.com\/fr\/produits\/fruits-surgeles\/mures-de-boysen\/","title":{"rendered":"M\u00fbres de Boysen"},"content":{"rendered":"<p>D\u00e9couvrez le go\u00fbt unique des m\u00fbres de Boysen, parfaites pour des tartes ou comme addition rafra\u00eechissante dans vos boissons.<\/p>\n<ul>\n<li><b>Sp\u00e9cifications :<\/b> Entier<\/li>\n<li><b>Pays d&#8217;origine : <\/b>Chili<\/li>\n<li><b>Type : <\/b>IQF, BQF, Pur\u00e9e, Concentr\u00e9, NFC<\/li>\n<li><b>Grade : <\/b>A, B, Sort Out<\/li>\n<li><b>Biologique \/ conventionnel<\/b><\/li>\n<\/ul>\n\n<table id=\"tablepress-33\" class=\"tablepress tablepress-id-33\">\n<thead>\n<tr class=\"row-1\">\n\t<th class=\"column-1\">Jan<\/th><th class=\"column-2\">Feb<\/th><th class=\"column-3\">Mar<\/th><th class=\"column-4\">Apr<\/th><th class=\"column-5\">May<\/th><th class=\"column-6\">Jun<\/th><th class=\"column-7\">Jul<\/th><th class=\"column-8\">Aug<\/th><th class=\"column-9\">Sep<\/th><th class=\"column-10\">Oct<\/th><th class=\"column-11\">Nov<\/th><th class=\"column-12\">Dec<\/th>\n<\/tr>\n<\/thead>\n<tbody class=\"row-striping row-hover\">\n<tr class=\"row-2\">\n\t<td class=\"column-1\">Chile<\/td><td class=\"column-2\"><\/td><td class=\"column-3\"><\/td><td class=\"column-4\"><\/td><td class=\"column-5\"><\/td><td class=\"column-6\"><\/td><td class=\"column-7\"><\/td><td class=\"column-8\"><\/td><td class=\"column-9\"><\/td><td class=\"column-10\"><\/td><td class=\"column-11\"><\/td><td class=\"column-12\">Chile<\/td>\n<\/tr>\n<\/tbody>\n<\/table>\n<!-- #tablepress-33 from cache -->\n","protected":false},"excerpt":{"rendered":"<p>D\u00e9couvrez le go\u00fbt unique des m\u00fbres de Boysen, parfaites pour des tartes ou comme addition rafra\u00eechissante dans vos boissons. Sp\u00e9cifications : Entier Pays d&#8217;origine : Chili Type : IQF, BQF, Pur\u00e9e, Concentr\u00e9, NFC Grade : A, B, Sort Out Biologique \/ conventionnel<\/p>\n","protected":false},"author":1,"featured_media":0,"parent":6855,"menu_order":0,"comment_status":"closed","ping_status":"closed","template":"","meta":{"footnotes":""},"class_list":["post-8111","page","type-page","status-publish","hentry"],"aioseo_notices":[],"_links":{"self":[{"href":"https:\/\/mbglobalfoods.com\/fr\/wp-json\/wp\/v2\/pages\/8111","targetHints":{"allow":["GET"]}}],"collection":[{"href":"https:\/\/mbglobalfoods.com\/fr\/wp-json\/wp\/v2\/pages"}],"about":[{"href":"https:\/\/mbglobalfoods.com\/fr\/wp-json\/wp\/v2\/types\/page"}],"author":[{"embeddable":true,"href":"https:\/\/mbglobalfoods.com\/fr\/wp-json\/wp\/v2\/users\/1"}],"replies":[{"embeddable":true,"href":"https:\/\/mbglobalfoods.com\/fr\/wp-json\/wp\/v2\/comments?post=8111"}],"version-history":[{"count":7,"href":"https:\/\/mbglobalfoods.com\/fr\/wp-json\/wp\/v2\/pages\/8111\/revisions"}],"predecessor-version":[{"id":9015,"href":"https:\/\/mbglobalfoods.com\/fr\/wp-json\/wp\/v2\/pages\/8111\/revisions\/9015"}],"up":[{"embeddable":true,"href":"https:\/\/mbglobalfoods.com\/fr\/wp-json\/wp\/v2\/pages\/6855"}],"wp:attachment":[{"href":"https:\/\/mbglobalfoods.com\/fr\/wp-json\/wp\/v2\/media?parent=8111"}],"curies":[{"name":"wp","href":"https:\/\/api.w.org\/{rel}","templated":true}]}}