{"id":8098,"date":"2024-03-29T14:18:20","date_gmt":"2024-03-29T14:18:20","guid":{"rendered":"https:\/\/mbglobalfoods.com\/produits\/fruits-surgeles\/avocat\/"},"modified":"2024-09-30T20:29:15","modified_gmt":"2024-09-30T20:29:15","slug":"avocat","status":"publish","type":"page","link":"https:\/\/mbglobalfoods.com\/fr\/produits\/fruits-surgeles\/avocat\/","title":{"rendered":"Avocat"},"content":{"rendered":"<p>L&#8217;avocat offre une texture onctueuse et un go\u00fbt riche, parfait pour des guacamoles ou des smoothies nutritifs.<\/p>\n<ul>\n<li><b>Sp\u00e9cifications : <\/b>Morceaux, tranches, coins, moiti\u00e9s, d\u00e9s<\/li>\n<li><b>Pays d&#8217;origine : <\/b>Colombie, Mexique, P\u00e9rou, Vietnam<\/li>\n<li><b>Type : <\/b>IQF, BQF, Pur\u00e9e<b> <\/b><\/li>\n<li><b><\/b><b>Grade : <\/b>A, B, Sort Out<\/li>\n<li><b>Biologique \/ conventionnel<\/b><\/li>\n<\/ul>\n\n<table id=\"tablepress-29\" class=\"tablepress tablepress-id-29\">\n<thead>\n<tr class=\"row-1\">\n\t<th class=\"column-1\">Jan<\/th><th class=\"column-2\">Feb<\/th><th class=\"column-3\">Mar<\/th><th class=\"column-4\">Apr<\/th><th class=\"column-5\">May<\/th><th class=\"column-6\">Jun<\/th><th class=\"column-7\">Jul<\/th><th class=\"column-8\">Aug<\/th><th class=\"column-9\">Sep<\/th><th class=\"column-10\">Oct<\/th><th class=\"column-11\">Nov<\/th><th class=\"column-12\">Dec<\/th>\n<\/tr>\n<\/thead>\n<tbody class=\"row-striping row-hover\">\n<tr class=\"row-2\">\n\t<td class=\"column-1\">Colombia<\/td><td class=\"column-2\">Colombia<\/td><td class=\"column-3\">Colombia<\/td><td class=\"column-4\">Colombia<\/td><td class=\"column-5\">Colombia<\/td><td class=\"column-6\">Colombia<\/td><td class=\"column-7\">Colombia<\/td><td class=\"column-8\">Colombia<\/td><td class=\"column-9\">Colombia<\/td><td class=\"column-10\">Colombia<\/td><td class=\"column-11\">Colombia<\/td><td class=\"column-12\">Colombia<\/td>\n<\/tr>\n<tr class=\"row-3\">\n\t<td class=\"column-1\"><\/td><td class=\"column-2\"><\/td><td class=\"column-3\"><\/td><td class=\"column-4\"><\/td><td class=\"column-5\">Mexico<\/td><td class=\"column-6\">Mexico<\/td><td class=\"column-7\">Mexico<\/td><td class=\"column-8\">Mexico<\/td><td class=\"column-9\">Mexico<\/td><td class=\"column-10\"><\/td><td class=\"column-11\"><\/td><td class=\"column-12\"><\/td>\n<\/tr>\n<tr class=\"row-4\">\n\t<td class=\"column-1\"><\/td><td class=\"column-2\"><\/td><td class=\"column-3\"><\/td><td class=\"column-4\">Peru<\/td><td class=\"column-5\">Peru<\/td><td class=\"column-6\">Peru<\/td><td class=\"column-7\">Peru<\/td><td class=\"column-8\"><\/td><td class=\"column-9\"><\/td><td class=\"column-10\"><\/td><td class=\"column-11\"><\/td><td class=\"column-12\"><\/td>\n<\/tr>\n<tr class=\"row-5\">\n\t<td class=\"column-1\"><\/td><td class=\"column-2\"><\/td><td class=\"column-3\"><\/td><td class=\"column-4\"><\/td><td class=\"column-5\"><\/td><td class=\"column-6\"><\/td><td class=\"column-7\">Vietnam<\/td><td class=\"column-8\">Vietnam<\/td><td class=\"column-9\">Vietnam<\/td><td class=\"column-10\"><\/td><td class=\"column-11\"><\/td><td class=\"column-12\"><\/td>\n<\/tr>\n<\/tbody>\n<\/table>\n<!-- #tablepress-29 from cache -->\n","protected":false},"excerpt":{"rendered":"<p>L&#8217;avocat offre une texture onctueuse et un go\u00fbt riche, parfait pour des guacamoles ou des smoothies nutritifs. Sp\u00e9cifications : Morceaux, tranches, coins, moiti\u00e9s, d\u00e9s Pays d&#8217;origine : Colombie, Mexique, P\u00e9rou, Vietnam Type : IQF, BQF, Pur\u00e9e Grade : A, B, Sort Out Biologique \/ conventionnel<\/p>\n","protected":false},"author":1,"featured_media":0,"parent":6855,"menu_order":0,"comment_status":"closed","ping_status":"closed","template":"","meta":{"footnotes":""},"class_list":["post-8098","page","type-page","status-publish","hentry"],"aioseo_notices":[],"_links":{"self":[{"href":"https:\/\/mbglobalfoods.com\/fr\/wp-json\/wp\/v2\/pages\/8098","targetHints":{"allow":["GET"]}}],"collection":[{"href":"https:\/\/mbglobalfoods.com\/fr\/wp-json\/wp\/v2\/pages"}],"about":[{"href":"https:\/\/mbglobalfoods.com\/fr\/wp-json\/wp\/v2\/types\/page"}],"author":[{"embeddable":true,"href":"https:\/\/mbglobalfoods.com\/fr\/wp-json\/wp\/v2\/users\/1"}],"replies":[{"embeddable":true,"href":"https:\/\/mbglobalfoods.com\/fr\/wp-json\/wp\/v2\/comments?post=8098"}],"version-history":[{"count":9,"href":"https:\/\/mbglobalfoods.com\/fr\/wp-json\/wp\/v2\/pages\/8098\/revisions"}],"predecessor-version":[{"id":9011,"href":"https:\/\/mbglobalfoods.com\/fr\/wp-json\/wp\/v2\/pages\/8098\/revisions\/9011"}],"up":[{"embeddable":true,"href":"https:\/\/mbglobalfoods.com\/fr\/wp-json\/wp\/v2\/pages\/6855"}],"wp:attachment":[{"href":"https:\/\/mbglobalfoods.com\/fr\/wp-json\/wp\/v2\/media?parent=8098"}],"curies":[{"name":"wp","href":"https:\/\/api.w.org\/{rel}","templated":true}]}}