{"id":6832,"date":"2023-04-24T17:13:20","date_gmt":"2023-04-24T17:13:20","guid":{"rendered":"https:\/\/twbuild16.site\/partenaires\/"},"modified":"2024-09-10T18:20:47","modified_gmt":"2024-09-10T18:20:47","slug":"partenaires","status":"publish","type":"page","link":"https:\/\/mbglobalfoods.com\/fr\/partenaires\/","title":{"rendered":"Partenaires"},"content":{"rendered":"\t\t<div data-elementor-type=\"wp-page\" data-elementor-id=\"6832\" class=\"elementor elementor-6832 elementor-5025\">\n\t\t\t\t\t\t\t        <section class=\"elementor-section elementor-top-section elementor-element elementor-element-4bacb3b elementor-section-boxed elementor-section-height-default elementor-section-height-default pxl-shape-divider-none\" data-id=\"4bacb3b\" data-element_type=\"section\">\n\n                \n                <div class=\"elementor-container elementor-column-gap-default \">\n                <div class=\"elementor-column elementor-col-50 elementor-top-column elementor-element elementor-element-4d24d8c pxl-column-element-default\" data-id=\"4d24d8c\" data-element_type=\"column\">\r\n            <div class=\"elementor-widget-wrap elementor-element-populated\">\r\n                                    \t\t<div class=\"elementor-element elementor-element-2ce11a4 elementor-widget elementor-widget-image\" data-id=\"2ce11a4\" data-element_type=\"widget\" data-widget_type=\"image.default\">\n\t\t\t\t<div class=\"elementor-widget-container\">\n\t\t\t\t\t\t\t\t\t\t\t\t\t\t\t<img decoding=\"async\" width=\"1024\" height=\"858\" src=\"https:\/\/mbglobalfoods.com\/wp-content\/uploads\/2023\/06\/BLUES-1024x858.jpg\" class=\"attachment-large size-large wp-image-6773\" alt=\"\" srcset=\"https:\/\/mbglobalfoods.com\/wp-content\/uploads\/2023\/06\/BLUES-1024x858.jpg 1024w, https:\/\/mbglobalfoods.com\/wp-content\/uploads\/2023\/06\/BLUES-600x503.jpg 600w, https:\/\/mbglobalfoods.com\/wp-content\/uploads\/2023\/06\/BLUES-300x252.jpg 300w, https:\/\/mbglobalfoods.com\/wp-content\/uploads\/2023\/06\/BLUES-768x644.jpg 768w, https:\/\/mbglobalfoods.com\/wp-content\/uploads\/2023\/06\/BLUES-1536x1288.jpg 1536w, https:\/\/mbglobalfoods.com\/wp-content\/uploads\/2023\/06\/BLUES-668x560.jpg 668w, https:\/\/mbglobalfoods.com\/wp-content\/uploads\/2023\/06\/BLUES.jpg 1998w\" sizes=\"(max-width: 1024px) 100vw, 1024px\" \/>\t\t\t\t\t\t\t\t\t\t\t\t\t\t\t<\/div>\n\t\t\t\t<\/div>\n\t\t\t\t\t<\/div>\n\t\t<\/div>\n\t\t        <div class=\"elementor-column elementor-col-50 elementor-top-column elementor-element elementor-element-9534378 pxl-column-element-default\" data-id=\"9534378\" data-element_type=\"column\">\r\n            <div class=\"elementor-widget-wrap elementor-element-populated\">\r\n                                    \t\t<div class=\"elementor-element elementor-element-a6fbd1c elementor-widget elementor-widget-image\" data-id=\"a6fbd1c\" data-element_type=\"widget\" data-widget_type=\"image.default\">\n\t\t\t\t<div class=\"elementor-widget-container\">\n\t\t\t\t\t\t\t\t\t\t\t\t\t\t\t<img decoding=\"async\" width=\"600\" height=\"382\" src=\"https:\/\/mbglobalfoods.com\/wp-content\/uploads\/2023\/07\/MDG.png\" class=\"attachment-large size-large wp-image-6794\" alt=\"\" srcset=\"https:\/\/mbglobalfoods.com\/wp-content\/uploads\/2023\/07\/MDG.png 600w, https:\/\/mbglobalfoods.com\/wp-content\/uploads\/2023\/07\/MDG-300x191.png 300w\" sizes=\"(max-width: 600px) 100vw, 600px\" \/>\t\t\t\t\t\t\t\t\t\t\t\t\t\t\t<\/div>\n\t\t\t\t<\/div>\n\t\t\t\t<div class=\"elementor-element elementor-element-46a7133 spartan_text elementor-widget elementor-widget-text-editor\" data-id=\"46a7133\" data-element_type=\"widget\" data-widget_type=\"text-editor.default\">\n\t\t\t\t<div class=\"elementor-widget-container\">\n\t\t\t\t\t\t\t<p data-pm-slice=\"1 1 []\">Fond\u00e9e en 1936, MBG Marketing &#8211; The Blueberry People est la plus grande coop\u00e9rative de commercialisation de bleuets et de m\u00fbres au monde appartenant \u00e0 des producteurs. Baptis\u00e9e \u00e0 l&#8217;origine Michigan Blueberry Growers Association, elle a \u00e9t\u00e9 fond\u00e9e par les producteurs de bleuets de l&#8217;\u00c9tat et est rapidement devenue un leader du secteur, alors que la production de myrtilles commen\u00e7ait \u00e0 prosp\u00e9rer dans l&#8217;ensemble des \u00c9tats-Unis. Dans les ann\u00e9es 1940, MBG a \u00e9tendu ses membres au nord de l&#8217;Indiana. La G\u00e9orgie et la Floride ont \u00e9t\u00e9 incorpor\u00e9es en 1983 et, depuis 2006, la Colombie-Britannique, la Caroline du Nord, le New Jersey, l\u2019Oregon et l\u2019\u00c9tat de Washington ont rejoint la coop\u00e9rative, ce qui fait en sorte que MBG compte plus de 300 producteurs.<\/p>\t\t\t\t\t\t<\/div>\n\t\t\t\t<\/div>\n\t\t\t\t\t<\/div>\n\t\t<\/div>\n\t\t\t\t\t\t\t<\/div>\n\t\t<\/section>\n\t\t        <section class=\"elementor-section elementor-top-section elementor-element elementor-element-f60e3c6 elementor-section-boxed elementor-section-height-default elementor-section-height-default pxl-shape-divider-none\" data-id=\"f60e3c6\" data-element_type=\"section\">\n\n                \n                <div class=\"elementor-container elementor-column-gap-default \">\n                <div class=\"elementor-column elementor-col-50 elementor-top-column elementor-element elementor-element-9c7ddf8 pxl-column-element-default\" data-id=\"9c7ddf8\" data-element_type=\"column\">\r\n            <div class=\"elementor-widget-wrap elementor-element-populated\">\r\n                                    \t\t<div class=\"elementor-element elementor-element-2c9e368 elementor-widget elementor-widget-image\" data-id=\"2c9e368\" data-element_type=\"widget\" data-widget_type=\"image.default\">\n\t\t\t\t<div class=\"elementor-widget-container\">\n\t\t\t\t\t\t\t\t\t\t\t\t\t\t\t<img decoding=\"async\" width=\"1024\" height=\"193\" src=\"https:\/\/mbglobalfoods.com\/wp-content\/uploads\/2023\/07\/kool-1024x193.jpg\" class=\"attachment-large size-large wp-image-6795\" alt=\"\" srcset=\"https:\/\/mbglobalfoods.com\/wp-content\/uploads\/2023\/07\/kool-1024x193.jpg 1024w, https:\/\/mbglobalfoods.com\/wp-content\/uploads\/2023\/07\/kool-600x113.jpg 600w, https:\/\/mbglobalfoods.com\/wp-content\/uploads\/2023\/07\/kool-300x57.jpg 300w, https:\/\/mbglobalfoods.com\/wp-content\/uploads\/2023\/07\/kool-768x145.jpg 768w, https:\/\/mbglobalfoods.com\/wp-content\/uploads\/2023\/07\/kool-1170x221.jpg 1170w, https:\/\/mbglobalfoods.com\/wp-content\/uploads\/2023\/07\/kool.jpg 1500w\" sizes=\"(max-width: 1024px) 100vw, 1024px\" \/>\t\t\t\t\t\t\t\t\t\t\t\t\t\t\t<\/div>\n\t\t\t\t<\/div>\n\t\t\t\t<div class=\"elementor-element elementor-element-24c2172 spartan_text elementor-widget elementor-widget-text-editor\" data-id=\"24c2172\" data-element_type=\"widget\" data-widget_type=\"text-editor.default\">\n\t\t\t\t<div class=\"elementor-widget-container\">\n\t\t\t\t\t\t\t<p data-pm-slice=\"1 1 []\">Koolberry est une entreprise de transformation de canneberges bas\u00e9e \u00e0 Manseau, au Qu\u00e9bec. Avec plus de 30 ans d&#8217;exp\u00e9rience agricole combin\u00e9e, nous offrons un produit de premi\u00e8re qualit\u00e9 \u00e0 un prix comp\u00e9titif.<\/p><p data-pm-slice=\"1 1 []\">En tant qu&#8217;entreprise appartenant \u00e0 des producteurs, nous cultivons plus de 25 millions de livres de canneberges chaque ann\u00e9e sur 800 acres de terres agricoles. Nous disposons \u00e9galement d\u2019un entrep\u00f4t frigorifique sur place.<\/p><p data-pm-slice=\"1 1 []\"><span data-sheets-value=\"{&quot;1&quot;:2,&quot;2&quot;:&quot;Koolberry est un fournisseur fiable pour toutes les cat\u00e9gories de canneberges surgel\u00e9es ainsi que pour les concentr\u00e9s, pur\u00e9es et des produit de canneberges NFC  (Non-From-Concentrate).&quot;}\" data-sheets-userformat=\"{&quot;2&quot;:14785,&quot;3&quot;:{&quot;1&quot;:0,&quot;3&quot;:1},&quot;9&quot;:0,&quot;10&quot;:1,&quot;11&quot;:4,&quot;14&quot;:{&quot;1&quot;:2,&quot;2&quot;:4868682},&quot;15&quot;:&quot;Arial&quot;,&quot;16&quot;:12}\">Koolberry est un fournisseur fiable pour toutes les cat\u00e9gories de canneberges surgel\u00e9es ainsi que pour les concentr\u00e9s, pur\u00e9es et des produit de canneberges NFC (Non-From-Concentrate).<\/span><\/p>\t\t\t\t\t\t<\/div>\n\t\t\t\t<\/div>\n\t\t\t\t\t<\/div>\n\t\t<\/div>\n\t\t        <div class=\"elementor-column elementor-col-50 elementor-top-column elementor-element elementor-element-ffcac1e pxl-column-element-default\" data-id=\"ffcac1e\" data-element_type=\"column\">\r\n            <div class=\"elementor-widget-wrap elementor-element-populated\">\r\n                                    \t\t<div class=\"elementor-element elementor-element-fd7b7e4 elementor-widget elementor-widget-image\" data-id=\"fd7b7e4\" data-element_type=\"widget\" data-widget_type=\"image.default\">\n\t\t\t\t<div class=\"elementor-widget-container\">\n\t\t\t\t\t\t\t\t\t\t\t\t\t\t\t<img decoding=\"async\" width=\"758\" height=\"600\" src=\"https:\/\/mbglobalfoods.com\/wp-content\/uploads\/2023\/07\/cranberries.jpg\" class=\"attachment-large size-large wp-image-6792\" alt=\"\" srcset=\"https:\/\/mbglobalfoods.com\/wp-content\/uploads\/2023\/07\/cranberries.jpg 758w, https:\/\/mbglobalfoods.com\/wp-content\/uploads\/2023\/07\/cranberries-600x475.jpg 600w, https:\/\/mbglobalfoods.com\/wp-content\/uploads\/2023\/07\/cranberries-300x237.jpg 300w, https:\/\/mbglobalfoods.com\/wp-content\/uploads\/2023\/07\/cranberries-707x560.jpg 707w\" sizes=\"(max-width: 758px) 100vw, 758px\" \/>\t\t\t\t\t\t\t\t\t\t\t\t\t\t\t<\/div>\n\t\t\t\t<\/div>\n\t\t\t\t\t<\/div>\n\t\t<\/div>\n\t\t\t\t\t\t\t<\/div>\n\t\t<\/section>\n\t\t        <section class=\"elementor-section elementor-top-section elementor-element elementor-element-ac207c5 elementor-section-boxed elementor-section-height-default elementor-section-height-default pxl-shape-divider-none\" data-id=\"ac207c5\" data-element_type=\"section\">\n\n                \n                <div class=\"elementor-container elementor-column-gap-default \">\n                <div class=\"elementor-column elementor-col-50 elementor-top-column elementor-element elementor-element-cb41678 pxl-column-element-default\" data-id=\"cb41678\" data-element_type=\"column\">\r\n            <div class=\"elementor-widget-wrap elementor-element-populated\">\r\n                                    \t\t<div class=\"elementor-element elementor-element-bf0b39b elementor-widget elementor-widget-image\" data-id=\"bf0b39b\" data-element_type=\"widget\" data-widget_type=\"image.default\">\n\t\t\t\t<div class=\"elementor-widget-container\">\n\t\t\t\t\t\t\t\t\t\t\t\t\t\t\t<img decoding=\"async\" width=\"752\" height=\"576\" src=\"https:\/\/mbglobalfoods.com\/wp-content\/uploads\/2023\/07\/delande.jpg\" class=\"attachment-large size-large wp-image-6791\" alt=\"\" srcset=\"https:\/\/mbglobalfoods.com\/wp-content\/uploads\/2023\/07\/delande.jpg 752w, https:\/\/mbglobalfoods.com\/wp-content\/uploads\/2023\/07\/delande-600x460.jpg 600w, https:\/\/mbglobalfoods.com\/wp-content\/uploads\/2023\/07\/delande-300x230.jpg 300w, https:\/\/mbglobalfoods.com\/wp-content\/uploads\/2023\/07\/delande-731x560.jpg 731w\" sizes=\"(max-width: 752px) 100vw, 752px\" \/>\t\t\t\t\t\t\t\t\t\t\t\t\t\t\t<\/div>\n\t\t\t\t<\/div>\n\t\t\t\t\t<\/div>\n\t\t<\/div>\n\t\t        <div class=\"elementor-column elementor-col-50 elementor-top-column elementor-element elementor-element-3c3f469 pxl-column-element-default\" data-id=\"3c3f469\" data-element_type=\"column\">\r\n            <div class=\"elementor-widget-wrap elementor-element-populated\">\r\n                                    \t\t<div class=\"elementor-element elementor-element-a70b3bc elementor-widget elementor-widget-image\" data-id=\"a70b3bc\" data-element_type=\"widget\" data-widget_type=\"image.default\">\n\t\t\t\t<div class=\"elementor-widget-container\">\n\t\t\t\t\t\t\t\t\t\t\t\t\t\t\t<img decoding=\"async\" width=\"347\" height=\"170\" src=\"https:\/\/mbglobalfoods.com\/wp-content\/uploads\/2023\/07\/del.jpg\" class=\"attachment-large size-large wp-image-6796\" alt=\"\" srcset=\"https:\/\/mbglobalfoods.com\/wp-content\/uploads\/2023\/07\/del.jpg 347w, https:\/\/mbglobalfoods.com\/wp-content\/uploads\/2023\/07\/del-300x147.jpg 300w\" sizes=\"(max-width: 347px) 100vw, 347px\" \/>\t\t\t\t\t\t\t\t\t\t\t\t\t\t\t<\/div>\n\t\t\t\t<\/div>\n\t\t\t\t<div class=\"elementor-element elementor-element-e414e5d spartan_text elementor-widget elementor-widget-text-editor\" data-id=\"e414e5d\" data-element_type=\"widget\" data-widget_type=\"text-editor.default\">\n\t\t\t\t<div class=\"elementor-widget-container\">\n\t\t\t\t\t\t\t<p data-pm-slice=\"1 1 []\">Del Ande Alimentos SAC exploite une usine IQF \u00e0 Chancay, au P\u00e9rou, \u00e0 85 km au nord de Lima. L&#8217;usine a d\u00e9marr\u00e9 ses activit\u00e9s en 2010 et s&#8217;est depuis lors d\u00e9velopp\u00e9e pour devenir un leader de la production de fruits surgel\u00e9s au P\u00e9rou, actuellement class\u00e9 comme le quatri\u00e8me plus grand exportateur de fruits surgel\u00e9s. Les principaux produits fabriqu\u00e9s et export\u00e9s sont les fraises congel\u00e9es (deuxi\u00e8me exportateur) et les mangues congel\u00e9es (sixi\u00e8me exportateur). Del Ande produit et exporte \u00e9galement des bleuets et des avocats surgel\u00e9s et a r\u00e9cemment ajout\u00e9 un nouveau produit, les frites de patates douces. L&#8217;entreprise exploite elle-m\u00eame des champs de fraises et est le plus grand et pratiquement le seul exportateur de fraises fra\u00eeches, avec 98 % du march\u00e9 d&#8217;exportation des fraises fra\u00eeches.<\/p><p data-pm-slice=\"1 1 []\">Del Ande, une entreprise renomm\u00e9e pour sa production de fruits surgel\u00e9s, cultive \u00e9galement un pourcentage important de fraises.<\/p>\t\t\t\t\t\t<\/div>\n\t\t\t\t<\/div>\n\t\t\t\t\t<\/div>\n\t\t<\/div>\n\t\t\t\t\t\t\t<\/div>\n\t\t<\/section>\n\t\t        <section class=\"elementor-section elementor-top-section elementor-element elementor-element-48c1f75 animated-slow elementor-section-boxed elementor-section-height-default elementor-section-height-default pxl-shape-divider-none\" data-id=\"48c1f75\" data-element_type=\"section\" data-settings=\"{&quot;background_background&quot;:&quot;classic&quot;,&quot;animation&quot;:&quot;none&quot;}\">\n\n                            <div class=\"elementor-background-overlay\"><\/div>\n            \n                <div class=\"elementor-container elementor-column-gap-default \">\n                <div class=\"elementor-column elementor-col-100 elementor-top-column elementor-element elementor-element-e881796 pxl-column-element-default elementor-invisible\" data-id=\"e881796\" data-element_type=\"column\" data-settings=\"{&quot;animation&quot;:&quot;fadeInDown&quot;}\">\r\n            <div class=\"elementor-widget-wrap elementor-element-populated\">\r\n                                    \t\t<div class=\"elementor-element elementor-element-e3d786f pxl-heading-layout-1 elementor-invisible elementor-widget elementor-widget-pxl_heading\" data-id=\"e3d786f\" data-element_type=\"widget\" data-settings=\"{&quot;_animation&quot;:&quot;fadeInUp&quot;}\" data-widget_type=\"pxl_heading.default\">\n\t\t\t\t<div class=\"elementor-widget-container\">\n\t\t\t<div class=\"pxl-heading-wrap d-flex layout1\">\n    <div class=\"pxl-heading-inner center\">\n        \n        <h2 class=\"heading-title\">\n            <span >\n                <b>Partenaires<\/b> et initiatives            <\/span>\n                    <\/h2>\n\n            <\/div>\n<\/div>\n\n\t\t<\/div>\n\t\t\t\t<\/div>\n\t\t\t\t<div class=\"elementor-element elementor-element-860e1d4 spartan_text elementor-widget elementor-widget-text-editor\" data-id=\"860e1d4\" data-element_type=\"widget\" data-widget_type=\"text-editor.default\">\n\t\t\t\t<div class=\"elementor-widget-container\">\n\t\t\t\t\t\t\t<p>Nous \u00e9tablissons en permanence des partenariats mondiaux et mettons en relation un vaste r\u00e9seau de producteurs de fruits et l\u00e9gumes dans le monde entier. Avec un engagement de qualit\u00e9 et de durabilit\u00e9, nous collaborons \u00e9troitement avec nos partenaires mondiaux pour fournir des produits de haute qualit\u00e9 et nutritifs aux march\u00e9s du monde entier. Gr\u00e2ce \u00e0 nos initiatives et \u00e0 nos partenaires mondiaux, nous nous consacrons \u00e0 des pratiques innovantes et \u00e0 un approvisionnement \u00e9thique. Nous veillons \u00e0 ce que nos clients re\u00e7oivent les meilleurs fruits et l\u00e9gumes tout en encourageant les agriculteurs locaux.<\/p>\n\t\t\t\t\t\t<\/div>\n\t\t\t\t<\/div>\n\t\t\t\t\t<\/div>\n\t\t<\/div>\n\t\t\t\t\t\t\t<\/div>\n\t\t<\/section>\n\t\t\t\t\t\t\t<\/div>\n\t\t","protected":false},"excerpt":{"rendered":"<p>Fond\u00e9e en 1936, MBG Marketing &#8211; The Blueberry People est la plus grande coop\u00e9rative de commercialisation de bleuets et de m\u00fbres au monde appartenant \u00e0 des producteurs. Baptis\u00e9e \u00e0 l&#8217;origine Michigan Blueberry Growers Association, elle a \u00e9t\u00e9 fond\u00e9e par les producteurs de bleuets de l&#8217;\u00c9tat et est rapidement devenue un leader du secteur, alors que [&hellip;]<\/p>\n","protected":false},"author":1,"featured_media":0,"parent":0,"menu_order":0,"comment_status":"closed","ping_status":"closed","template":"","meta":{"footnotes":""},"class_list":["post-6832","page","type-page","status-publish","hentry"],"aioseo_notices":[],"_links":{"self":[{"href":"https:\/\/mbglobalfoods.com\/fr\/wp-json\/wp\/v2\/pages\/6832","targetHints":{"allow":["GET"]}}],"collection":[{"href":"https:\/\/mbglobalfoods.com\/fr\/wp-json\/wp\/v2\/pages"}],"about":[{"href":"https:\/\/mbglobalfoods.com\/fr\/wp-json\/wp\/v2\/types\/page"}],"author":[{"embeddable":true,"href":"https:\/\/mbglobalfoods.com\/fr\/wp-json\/wp\/v2\/users\/1"}],"replies":[{"embeddable":true,"href":"https:\/\/mbglobalfoods.com\/fr\/wp-json\/wp\/v2\/comments?post=6832"}],"version-history":[{"count":16,"href":"https:\/\/mbglobalfoods.com\/fr\/wp-json\/wp\/v2\/pages\/6832\/revisions"}],"predecessor-version":[{"id":8808,"href":"https:\/\/mbglobalfoods.com\/fr\/wp-json\/wp\/v2\/pages\/6832\/revisions\/8808"}],"wp:attachment":[{"href":"https:\/\/mbglobalfoods.com\/fr\/wp-json\/wp\/v2\/media?parent=6832"}],"curies":[{"name":"wp","href":"https:\/\/api.w.org\/{rel}","templated":true}]}}