{"id":6828,"date":"2022-08-01T07:26:44","date_gmt":"2022-08-01T07:26:44","guid":{"rendered":"https:\/\/twbuild16.site\/nous-contacter\/"},"modified":"2024-09-30T13:06:51","modified_gmt":"2024-09-30T13:06:51","slug":"nous-contacter","status":"publish","type":"page","link":"https:\/\/mbglobalfoods.com\/fr\/nous-contacter\/","title":{"rendered":"Contactez-nous"},"content":{"rendered":"\t\t<div data-elementor-type=\"wp-page\" data-elementor-id=\"6828\" class=\"elementor elementor-6828 elementor-668\">\n\t\t\t\t\t\t\t        <section class=\"elementor-section elementor-top-section elementor-element elementor-element-58caaa3 elementor-section-boxed elementor-section-height-default elementor-section-height-default pxl-shape-divider-none\" data-id=\"58caaa3\" data-element_type=\"section\" data-settings=\"{&quot;background_background&quot;:&quot;classic&quot;}\">\n\n                \n                <div class=\"elementor-container elementor-column-gap-default \">\n                <div class=\"elementor-column elementor-col-100 elementor-top-column elementor-element elementor-element-2ccb74e pxl-column-element-default\" data-id=\"2ccb74e\" data-element_type=\"column\" data-settings=\"{&quot;background_background&quot;:&quot;classic&quot;}\">\r\n            <div class=\"elementor-widget-wrap elementor-element-populated\">\r\n                                            <section class=\"elementor-section elementor-inner-section elementor-element elementor-element-c412af3 elementor-section-full_width elementor-section-height-default elementor-section-height-default pxl-section-offset-none pxl-shape-divider-none\" data-id=\"c412af3\" data-element_type=\"section\" data-settings=\"{&quot;background_background&quot;:&quot;classic&quot;}\">\n\n                \n                <div class=\"elementor-container elementor-column-gap-default \">\n                <div class=\"elementor-column elementor-col-33 elementor-inner-column elementor-element elementor-element-5ac00f5 pxl-column-element-default\" data-id=\"5ac00f5\" data-element_type=\"column\">\r\n            <div class=\"elementor-widget-wrap elementor-element-populated\">\r\n                                    \t\t<div class=\"elementor-element elementor-element-2273dd4 elementor-widget elementor-widget-image\" data-id=\"2273dd4\" data-element_type=\"widget\" data-widget_type=\"image.default\">\n\t\t\t\t<div class=\"elementor-widget-container\">\n\t\t\t\t\t\t\t\t\t\t\t\t\t\t\t<img decoding=\"async\" width=\"952\" height=\"691\" src=\"https:\/\/mbglobalfoods.com\/wp-content\/uploads\/2023\/07\/mb-office.jpg\" class=\"attachment-large size-large wp-image-6799\" alt=\"\" srcset=\"https:\/\/mbglobalfoods.com\/wp-content\/uploads\/2023\/07\/mb-office.jpg 952w, https:\/\/mbglobalfoods.com\/wp-content\/uploads\/2023\/07\/mb-office-600x436.jpg 600w, https:\/\/mbglobalfoods.com\/wp-content\/uploads\/2023\/07\/mb-office-300x218.jpg 300w, https:\/\/mbglobalfoods.com\/wp-content\/uploads\/2023\/07\/mb-office-768x557.jpg 768w, https:\/\/mbglobalfoods.com\/wp-content\/uploads\/2023\/07\/mb-office-772x560.jpg 772w\" sizes=\"(max-width: 952px) 100vw, 952px\" \/>\t\t\t\t\t\t\t\t\t\t\t\t\t\t\t<\/div>\n\t\t\t\t<\/div>\n\t\t\t\t<div class=\"elementor-element elementor-element-5ccb23b elementor-invisible elementor-widget elementor-widget-pxl_text_editor\" data-id=\"5ccb23b\" data-element_type=\"widget\" data-settings=\"{&quot;_animation&quot;:&quot;fadeInUp&quot;}\" data-widget_type=\"pxl_text_editor.default\">\n\t\t\t\t<div class=\"elementor-widget-container\">\n\t\t\t<div id=\"pxl_text_editor-5ccb23b-3350\" class=\"pxl-text-editor-wrap d-flex\" >\n\t<div class=\"pxl-text-editor elementor-clearfix\">\n        <p>2540 ch. de la Petite-Riviere<br>\nVaudreuil, Quebec J7V 4L7<\/p><p><strong style=\"font-family: var(--body-font-family); letter-spacing: var(--body-letter-spacing);\">P: <\/strong><span style=\"font-family: var(--body-font-family); letter-spacing: var(--body-letter-spacing);\">450 510-5111<\/span><\/p><p><strong style=\"font-family: var(--body-font-family); letter-spacing: var(--body-letter-spacing);\">E:<\/strong><span style=\"font-family: var(--body-font-family); letter-spacing: var(--body-letter-spacing);\">&nbsp;<\/span><a href=\"mailto:info@mbglobalfoods.com\" style=\"background-color: rgb(255, 255, 255); font-family: var(--body-font-family); letter-spacing: var(--body-letter-spacing);\">info@mbglobalfoods.com<\/a><\/p>\t<\/div>\n<\/div>\t\t<\/div>\n\t\t\t\t<\/div>\n\t\t\t\t\t<\/div>\n\t\t<\/div>\n\t\t        <div class=\"elementor-column elementor-col-66 elementor-inner-column elementor-element elementor-element-0be7f52 pxl-column-element-default\" data-id=\"0be7f52\" data-element_type=\"column\">\r\n            <div class=\"elementor-widget-wrap elementor-element-populated\">\r\n                                    \t\t<div class=\"elementor-element elementor-element-e2015c5 pxl-heading-layout-1 elementor-invisible elementor-widget elementor-widget-pxl_heading\" data-id=\"e2015c5\" data-element_type=\"widget\" data-settings=\"{&quot;_animation&quot;:&quot;fadeInUp&quot;}\" data-widget_type=\"pxl_heading.default\">\n\t\t\t\t<div class=\"elementor-widget-container\">\n\t\t\t<div class=\"pxl-heading-wrap d-flex layout1\">\n    <div class=\"pxl-heading-inner \">\n        \n        <h3 class=\"heading-title\">\n            <span >\n                Contactez<b>-nous<\/b>            <\/span>\n                    <\/h3>\n\n            <\/div>\n<\/div>\n\n\t\t<\/div>\n\t\t\t\t<\/div>\n\t\t\t\t<div class=\"elementor-element elementor-element-d0d4d70 elementor-invisible elementor-widget elementor-widget-pxl_text_editor\" data-id=\"d0d4d70\" data-element_type=\"widget\" data-settings=\"{&quot;_animation&quot;:&quot;fadeInUp&quot;}\" data-widget_type=\"pxl_text_editor.default\">\n\t\t\t\t<div class=\"elementor-widget-container\">\n\t\t\t<div id=\"pxl_text_editor-d0d4d70-3600\" class=\"pxl-text-editor-wrap d-flex\" >\n\t<div class=\"pxl-text-editor elementor-clearfix\">\n        <p>Exp\u00e9riment\u00e9s \u00e0 travailler avec des partenaires de toutes les sortes et de toutes les tailles, nous adapterons notre approche aux besoins uniques de votre entreprise. Contactez-nous d\u00e8s aujourd&#8217;hui et l&#8217;un de nos repr\u00e9sentants utiles vous r\u00e9pondra imm\u00e9diatement.<\/p>\t<\/div>\n<\/div>\t\t<\/div>\n\t\t\t\t<\/div>\n\t\t\t\t<div class=\"elementor-element elementor-element-d6a0344 elementor-invisible elementor-widget elementor-widget-pxl_contact_form\" data-id=\"d6a0344\" data-element_type=\"widget\" data-settings=\"{&quot;_animation&quot;:&quot;fadeInUp&quot;}\" data-widget_type=\"pxl_contact_form.default\">\n\t\t\t\t<div class=\"elementor-widget-container\">\n\t\t\t        <div id=\"pxl_contact_form-d6a0344-3779\" class=\"pxl-contact-form7 style3\">\r\n            <div class=\"pxl-contact-form-inner\">\r\n                \n<div class=\"wpcf7 no-js\" id=\"wpcf7-f6896-o1\" lang=\"en-US\" dir=\"ltr\" data-wpcf7-id=\"6896\">\n<div class=\"screen-reader-response\"><p role=\"status\" aria-live=\"polite\" aria-atomic=\"true\"><\/p> <ul><\/ul><\/div>\n<form action=\"\/fr\/wp-json\/wp\/v2\/pages\/6828#wpcf7-f6896-o1\" method=\"post\" class=\"wpcf7-form init\" aria-label=\"Contact form\" novalidate=\"novalidate\" data-status=\"init\">\n<fieldset class=\"hidden-fields-container\"><input type=\"hidden\" name=\"_wpcf7\" value=\"6896\" \/><input type=\"hidden\" name=\"_wpcf7_version\" value=\"6.1.4\" \/><input type=\"hidden\" name=\"_wpcf7_locale\" value=\"en_US\" \/><input type=\"hidden\" name=\"_wpcf7_unit_tag\" value=\"wpcf7-f6896-o1\" \/><input type=\"hidden\" name=\"_wpcf7_container_post\" value=\"0\" \/><input type=\"hidden\" name=\"_wpcf7_posted_data_hash\" value=\"\" \/>\n<\/fieldset>\n<div class=\"contact-primary comment-form\">\n\t<div class=\"row\">\n\t\t<div class=\"col-12 col-sm-6\">\n\t\t\t<p><span class=\"wpcf7-form-control-wrap\" data-name=\"your-first-name\"><input size=\"40\" maxlength=\"400\" class=\"wpcf7-form-control wpcf7-text wpcf7-validates-as-required\" aria-required=\"true\" aria-invalid=\"false\" placeholder=\"Pr\u00e9nom\" value=\"\" type=\"text\" name=\"your-first-name\" \/><\/span>\n\t\t\t<\/p>\n\t\t<\/div>\n\t\t<div class=\"col-12 col-sm-6\">\n\t\t\t<p><span class=\"wpcf7-form-control-wrap\" data-name=\"your-last-name\"><input size=\"40\" maxlength=\"400\" class=\"wpcf7-form-control wpcf7-text wpcf7-validates-as-required\" aria-required=\"true\" aria-invalid=\"false\" placeholder=\"Nom de famille\" value=\"\" type=\"text\" name=\"your-last-name\" \/><\/span>\n\t\t\t<\/p>\n\t\t<\/div>\n\t<\/div>\n\t<div class=\"row\">\n\t\t<div class=\"col-12 col-sm-6\">\n\t\t\t<p><span class=\"wpcf7-form-control-wrap\" data-name=\"your-email\"><input size=\"40\" maxlength=\"400\" class=\"wpcf7-form-control wpcf7-email wpcf7-validates-as-required wpcf7-text wpcf7-validates-as-email\" aria-required=\"true\" aria-invalid=\"false\" placeholder=\"Adresse e-mail\" value=\"\" type=\"email\" name=\"your-email\" \/><\/span>\n\t\t\t<\/p>\n\t\t<\/div>\n\t\t<div class=\"col-12 col-sm-6\">\n\t\t\t<p><span class=\"wpcf7-form-control-wrap\" data-name=\"phone\"><input size=\"40\" maxlength=\"400\" class=\"wpcf7-form-control wpcf7-tel wpcf7-validates-as-required wpcf7-text wpcf7-validates-as-tel\" aria-required=\"true\" aria-invalid=\"false\" placeholder=\"Num\u00e9ro de t\u00e9l\u00e9phone\" value=\"\" type=\"tel\" name=\"phone\" \/><\/span>\n\t\t\t<\/p>\n\t\t<\/div>\n\t<\/div>\n\t<div class=\"message\">\n\t\t<p><span class=\"wpcf7-form-control-wrap\" data-name=\"your-message\"><textarea cols=\"40\" rows=\"10\" maxlength=\"2000\" class=\"wpcf7-form-control wpcf7-textarea wpcf7-validates-as-required\" aria-required=\"true\" aria-invalid=\"false\" placeholder=\"Message\" name=\"your-message\"><\/textarea><\/span>\n\t\t<\/p>\n\t<\/div>\n\t<p><button type=\"submit\"><span> Soumettre <\/span><i class=\"fas fa-angle-right\"><\/i><\/button>\n\t<\/p>\n<\/div><div class=\"wpcf7-response-output\" aria-hidden=\"true\"><\/div>\n<\/form>\n<\/div>\n            <\/div>\r\n        <\/div>\r\n        \t\t<\/div>\n\t\t\t\t<\/div>\n\t\t\t\t\t<\/div>\n\t\t<\/div>\n\t\t\t\t\t\t\t<\/div>\n\t\t<\/section>\n\t\t\t\t\t<\/div>\n\t\t<\/div>\n\t\t\t\t\t\t\t<\/div>\n\t\t<\/section>\n\t\t        <section class=\"elementor-section elementor-top-section elementor-element elementor-element-086280d elementor-section-full_width elementor-section-height-default elementor-section-height-default pxl-section-offset-none pxl-shape-divider-none\" data-id=\"086280d\" data-element_type=\"section\">\n\n                \n                <div class=\"elementor-container elementor-column-gap-default \">\n                <div class=\"elementor-column elementor-col-100 elementor-top-column elementor-element elementor-element-929829c pxl-column-element-default\" data-id=\"929829c\" data-element_type=\"column\">\r\n            <div class=\"elementor-widget-wrap elementor-element-populated\">\r\n                                    \t\t<div class=\"elementor-element elementor-element-96abcab pxl-heading-layout-1 elementor-invisible elementor-widget elementor-widget-pxl_heading\" data-id=\"96abcab\" data-element_type=\"widget\" data-settings=\"{&quot;_animation&quot;:&quot;fadeInUp&quot;}\" data-widget_type=\"pxl_heading.default\">\n\t\t\t\t<div class=\"elementor-widget-container\">\n\t\t\t<div class=\"pxl-heading-wrap d-flex layout1\">\n    <div class=\"pxl-heading-inner center\">\n        \n        <h3 class=\"heading-title\">\n            <span >\n                Sites mondiaux de <b>MB Global<\/b><br \/>\n            <\/span>\n                    <\/h3>\n\n            <\/div>\n<\/div>\n\n\t\t<\/div>\n\t\t\t\t<\/div>\n\t\t\t\t<div class=\"elementor-element elementor-element-759c06b elementor-widget elementor-widget-image\" data-id=\"759c06b\" data-element_type=\"widget\" data-widget_type=\"image.default\">\n\t\t\t\t<div class=\"elementor-widget-container\">\n\t\t\t\t\t\t\t\t\t\t\t\t\t\t\t<img decoding=\"async\" width=\"2560\" height=\"1565\" src=\"https:\/\/mbglobalfoods.com\/wp-content\/uploads\/2024\/09\/MBGlobal-Carte-Francais-1-scaled-1.jpg\" class=\"attachment-full size-full wp-image-8948\" alt=\"MBGlobal-Map\" srcset=\"https:\/\/mbglobalfoods.com\/wp-content\/uploads\/2024\/09\/MBGlobal-Carte-Francais-1-scaled-1.jpg 2560w, https:\/\/mbglobalfoods.com\/wp-content\/uploads\/2024\/09\/MBGlobal-Carte-Francais-1-scaled-1-600x367.jpg 600w, https:\/\/mbglobalfoods.com\/wp-content\/uploads\/2024\/09\/MBGlobal-Carte-Francais-1-scaled-1-300x183.jpg 300w, https:\/\/mbglobalfoods.com\/wp-content\/uploads\/2024\/09\/MBGlobal-Carte-Francais-1-scaled-1-1024x626.jpg 1024w, https:\/\/mbglobalfoods.com\/wp-content\/uploads\/2024\/09\/MBGlobal-Carte-Francais-1-scaled-1-768x470.jpg 768w, https:\/\/mbglobalfoods.com\/wp-content\/uploads\/2024\/09\/MBGlobal-Carte-Francais-1-scaled-1-1536x939.jpg 1536w, https:\/\/mbglobalfoods.com\/wp-content\/uploads\/2024\/09\/MBGlobal-Carte-Francais-1-scaled-1-2048x1252.jpg 2048w, https:\/\/mbglobalfoods.com\/wp-content\/uploads\/2024\/09\/MBGlobal-Carte-Francais-1-scaled-1-916x560.jpg 916w\" sizes=\"(max-width: 2560px) 100vw, 2560px\" \/>\t\t\t\t\t\t\t\t\t\t\t\t\t\t\t<\/div>\n\t\t\t\t<\/div>\n\t\t\t\t\t<\/div>\n\t\t<\/div>\n\t\t\t\t\t\t\t<\/div>\n\t\t<\/section>\n\t\t\t\t\t\t\t<\/div>\n\t\t","protected":false},"excerpt":{"rendered":"<p>2540 ch. de la Petite-Riviere Vaudreuil, Quebec J7V 4L7 P: 450 510-5111 E:&nbsp;info@mbglobalfoods.com Contactez-nous Exp\u00e9riment\u00e9s \u00e0 travailler avec des partenaires de toutes les sortes et de toutes les tailles, nous adapterons notre approche aux besoins uniques de votre entreprise. Contactez-nous d\u00e8s aujourd&#8217;hui et l&#8217;un de nos repr\u00e9sentants utiles vous r\u00e9pondra imm\u00e9diatement. Soumettre Sites mondiaux de [&hellip;]<\/p>\n","protected":false},"author":1,"featured_media":0,"parent":0,"menu_order":0,"comment_status":"closed","ping_status":"closed","template":"","meta":{"footnotes":""},"class_list":["post-6828","page","type-page","status-publish","hentry"],"aioseo_notices":[],"_links":{"self":[{"href":"https:\/\/mbglobalfoods.com\/fr\/wp-json\/wp\/v2\/pages\/6828","targetHints":{"allow":["GET"]}}],"collection":[{"href":"https:\/\/mbglobalfoods.com\/fr\/wp-json\/wp\/v2\/pages"}],"about":[{"href":"https:\/\/mbglobalfoods.com\/fr\/wp-json\/wp\/v2\/types\/page"}],"author":[{"embeddable":true,"href":"https:\/\/mbglobalfoods.com\/fr\/wp-json\/wp\/v2\/users\/1"}],"replies":[{"embeddable":true,"href":"https:\/\/mbglobalfoods.com\/fr\/wp-json\/wp\/v2\/comments?post=6828"}],"version-history":[{"count":29,"href":"https:\/\/mbglobalfoods.com\/fr\/wp-json\/wp\/v2\/pages\/6828\/revisions"}],"predecessor-version":[{"id":8962,"href":"https:\/\/mbglobalfoods.com\/fr\/wp-json\/wp\/v2\/pages\/6828\/revisions\/8962"}],"wp:attachment":[{"href":"https:\/\/mbglobalfoods.com\/fr\/wp-json\/wp\/v2\/media?parent=6828"}],"curies":[{"name":"wp","href":"https:\/\/api.w.org\/{rel}","templated":true}]}}